{"id":1415,"date":"2021-03-23T22:50:42","date_gmt":"2021-03-23T22:50:42","guid":{"rendered":"http:\/\/laboratoriosanpaulo.com\/?page_id=1415"},"modified":"2026-02-26T22:32:40","modified_gmt":"2026-02-26T22:32:40","slug":"perfiles-preventivos","status":"publish","type":"page","link":"https:\/\/laboratoriosanpaulo.com\/en\/perfiles\/perfiles-preventivos\/","title":{"rendered":"Perfiles Preventivos"},"content":{"rendered":"<div data-elementor-type=\"wp-page\" data-elementor-id=\"1415\" class=\"elementor elementor-1415\" data-elementor-settings=\"[]\">\n\t\t\t\t\t\t<div class=\"elementor-inner\">\n\t\t\t\t\t\t\t<div class=\"elementor-section-wrap\">\n\t\t\t\t\t\t\t<section class=\"elementor-section elementor-top-section elementor-element elementor-element-7250ba5 elementor-section-boxed elementor-section-height-default elementor-section-height-default\" data-id=\"7250ba5\" data-element_type=\"section\">\n\t\t\t\t\t\t<div class=\"elementor-container elementor-column-gap-default\">\n\t\t\t\t\t\t\t<div class=\"elementor-row\">\n\t\t\t\t\t<div class=\"elementor-column elementor-col-100 elementor-top-column elementor-element elementor-element-ad50e4e\" data-id=\"ad50e4e\" data-element_type=\"column\">\n\t\t\t<div class=\"elementor-column-wrap elementor-element-populated\">\n\t\t\t\t\t\t\t<div class=\"elementor-widget-wrap\">\n\t\t\t\t\t\t<div class=\"elementor-element elementor-element-44130f3 elementor-widget elementor-widget-heading\" data-id=\"44130f3\" data-element_type=\"widget\" data-widget_type=\"heading.default\">\n\t\t\t\t<div class=\"elementor-widget-container\">\n\t\t\t<h1 class=\"elementor-heading-title elementor-size-default\">Perfiles Preventivos<\/h1>\t\t<\/div>\n\t\t\t\t<\/div>\n\t\t\t\t<div class=\"elementor-element elementor-element-c5006e5 elementor-widget elementor-widget-text-editor\" data-id=\"c5006e5\" data-element_type=\"widget\" data-widget_type=\"text-editor.default\">\n\t\t\t\t<div class=\"elementor-widget-container\">\n\t\t\t\t\t<div class=\"elementor-text-editor elementor-clearfix\"><p style=\"text-align: center;\">Aqu\u00ed encontrar\u00e1s todas las opciones para estudios preventivos de enfermedades<\/p><\/div>\n\t\t\t\t<\/div>\n\t\t\t\t<\/div>\n\t\t\t\t\t\t<\/div>\n\t\t\t\t\t<\/div>\n\t\t<\/div>\n\t\t\t\t\t\t\t\t<\/div>\n\t\t\t\t\t<\/div>\n\t\t<\/section>\n\t\t\t\t<section class=\"elementor-section elementor-top-section elementor-element elementor-element-3aa194d elementor-section-boxed elementor-section-height-default elementor-section-height-default\" data-id=\"3aa194d\" data-element_type=\"section\">\n\t\t\t\t\t\t<div class=\"elementor-container elementor-column-gap-default\">\n\t\t\t\t\t\t\t<div class=\"elementor-row\">\n\t\t\t\t\t<div class=\"elementor-column elementor-col-100 elementor-top-column elementor-element elementor-element-dc196e5\" data-id=\"dc196e5\" data-element_type=\"column\">\n\t\t\t<div class=\"elementor-column-wrap elementor-element-populated\">\n\t\t\t\t\t\t\t<div class=\"elementor-widget-wrap\">\n\t\t\t\t\t\t<div class=\"elementor-element elementor-element-a9c5326 elementor-widget__width-initial elementor-widget-mobile__width-inherit elementor-widget elementor-widget-jet-services\" data-id=\"a9c5326\" data-element_type=\"widget\" data-widget_type=\"jet-services.default\">\n\t\t\t\t<div class=\"elementor-widget-container\">\n\t\t\t<div class=\"elementor-jet-services jet-elements\"><div class=\"jet-services jet-services--header-position-top\">\n\t<div class=\"jet-services__inner\">\n\t\t<div class=\"jet-services__header\">\n\t\t\t<div class=\"jet-services__cover\"><\/div>\n\t\t<\/div>\n\t\t<div class=\"jet-services__content\"><h3 class=\"jet-services__title\"><span class=\"jet-services__title-text\">Perfil SMAC Electrolitos<\/span><\/h3><p class=\"jet-services__desc\">M\u00e1s de 30 estudios que aportan extensa informaci\u00f3n de tu estado de salud general.  Ofrece informaci\u00f3n para diagnostico o control de diabetes, nos permite conocer anemias, infecciones de v\u00edas urinarias, funci\u00f3n renal y hep\u00e1tica completa, nivel de grasas como triglic\u00e9ridos y colesterol, adem\u00e1s de los niveles de electrolitos m\u00e1s importantes de nuestro cuerpo.<\/p><a class=\"elementor-button elementor-size-md jet-services__button jet-services__button--icon-\" href=\"https:\/\/laboratoriosanpaulo.com\/en\/perfiles\/perfiles-preventivos\/perfil-smac-electrolitos\/\"><span class=\"jet-services__button-text\">Ver detalles<\/span><\/a><\/div>\n\t<\/div>\n<\/div>\n<\/div>\t\t<\/div>\n\t\t\t\t<\/div>\n\t\t\t\t<div class=\"elementor-element elementor-element-d444169 elementor-widget__width-initial elementor-widget-mobile__width-inherit elementor-widget elementor-widget-jet-services\" data-id=\"d444169\" data-element_type=\"widget\" data-widget_type=\"jet-services.default\">\n\t\t\t\t<div class=\"elementor-widget-container\">\n\t\t\t<div class=\"elementor-jet-services jet-elements\"><div class=\"jet-services jet-services--header-position-top\">\n\t<div class=\"jet-services__inner\">\n\t\t<div class=\"jet-services__header\">\n\t\t\t<div class=\"jet-services__cover\"><\/div>\n\t\t<\/div>\n\t\t<div class=\"jet-services__content\"><h3 class=\"jet-services__title\"><span class=\"jet-services__title-text\">Perfil SMAC Tiroideo<\/span><\/h3><p class=\"jet-services__desc\">M\u00e1s de 30 estudios que aportan extensa informaci\u00f3n de tu estado de salud general.  Ofrece informaci\u00f3n para diagnostico o control de diabetes, nos permite conocer anemias, infecciones de v\u00edas urinarias, funci\u00f3n renal y hep\u00e1tica completa, nivel de grasas como triglic\u00e9ridos y colesterol, adem\u00e1s de tres de las hormonas m\u00e1s importantes que regulan la funci\u00f3n tiroidea.<\/p><a class=\"elementor-button elementor-size-md jet-services__button jet-services__button--icon-\" href=\"https:\/\/laboratoriosanpaulo.com\/en\/perfiles\/perfiles-preventivos\/perfil-smac-tiroideo\/\"><span class=\"jet-services__button-text\">Ver detalles<\/span><\/a><\/div>\n\t<\/div>\n<\/div>\n<\/div>\t\t<\/div>\n\t\t\t\t<\/div>\n\t\t\t\t<div class=\"elementor-element elementor-element-9767434 elementor-widget__width-initial elementor-widget-mobile__width-inherit elementor-widget elementor-widget-jet-services\" data-id=\"9767434\" data-element_type=\"widget\" data-widget_type=\"jet-services.default\">\n\t\t\t\t<div class=\"elementor-widget-container\">\n\t\t\t<div class=\"elementor-jet-services jet-elements\"><div class=\"jet-services jet-services--header-position-top\">\n\t<div class=\"jet-services__inner\">\n\t\t<div class=\"jet-services__header\">\n\t\t\t<div class=\"jet-services__cover\"><\/div>\n\t\t<\/div>\n\t\t<div class=\"jet-services__content\"><h3 class=\"jet-services__title\"><span class=\"jet-services__title-text\">Perfil Tiroideo B\u00e1sico<\/span><\/h3><p class=\"jet-services__desc\">Eval\u00faa la funci\u00f3n tiroidea a trav\u00e9s de tres hormonas esenciales que regulan distintos procesos metab\u00f3licos en nuestro cuerpo. Es un perfil inicial que nos permite conocer enfermedades como hipotiroidismo e hipertiroidismo.<\/p><a class=\"elementor-button elementor-size-md jet-services__button jet-services__button--icon-\" href=\"https:\/\/laboratoriosanpaulo.com\/en\/perfiles\/perfiles-preventivos\/perfil-tiroideo-basico\/\"><span class=\"jet-services__button-text\">Ver detalles<\/span><\/a><\/div>\n\t<\/div>\n<\/div>\n<\/div>\t\t<\/div>\n\t\t\t\t<\/div>\n\t\t\t\t<div class=\"elementor-element elementor-element-cf020b2 elementor-widget__width-initial elementor-widget-mobile__width-inherit elementor-widget elementor-widget-jet-services\" data-id=\"cf020b2\" data-element_type=\"widget\" data-widget_type=\"jet-services.default\">\n\t\t\t\t<div class=\"elementor-widget-container\">\n\t\t\t<div class=\"elementor-jet-services jet-elements\"><div class=\"jet-services jet-services--header-position-top\">\n\t<div class=\"jet-services__inner\">\n\t\t<div class=\"jet-services__header\">\n\t\t\t<div class=\"jet-services__cover\"><\/div>\n\t\t<\/div>\n\t\t<div class=\"jet-services__content\"><h3 class=\"jet-services__title\"><span class=\"jet-services__title-text\">Perfil Tiroideo<\/span><\/h3><p class=\"jet-services__desc\">Eval\u00faa la funci\u00f3n tiroidea a trav\u00e9s de cinco hormonas esenciales que regulan distintos procesos metab\u00f3licos en nuestro cuerpo. Este perfil m\u00e1s profundo nos ofrece informaci\u00f3n para conocer enfermedades como hipotiroidismo e hipertiroidismo.<\/p><a class=\"elementor-button elementor-size-md jet-services__button jet-services__button--icon-\" href=\"https:\/\/laboratoriosanpaulo.com\/en\/perfiles\/perfiles-preventivos\/perfil-tiroideo\/\"><span class=\"jet-services__button-text\">Ver detalles<\/span><\/a><\/div>\n\t<\/div>\n<\/div>\n<\/div>\t\t<\/div>\n\t\t\t\t<\/div>\n\t\t\t\t<div class=\"elementor-element elementor-element-94e7066 elementor-widget__width-initial elementor-widget-mobile__width-inherit elementor-widget elementor-widget-jet-services\" data-id=\"94e7066\" data-element_type=\"widget\" data-widget_type=\"jet-services.default\">\n\t\t\t\t<div class=\"elementor-widget-container\">\n\t\t\t<div class=\"elementor-jet-services jet-elements\"><div class=\"jet-services jet-services--header-position-top\">\n\t<div class=\"jet-services__inner\">\n\t\t<div class=\"jet-services__header\">\n\t\t\t<div class=\"jet-services__cover\"><\/div>\n\t\t<\/div>\n\t\t<div class=\"jet-services__content\"><h3 class=\"jet-services__title\"><span class=\"jet-services__title-text\">Paquete Check Up I<\/span><\/h3><p class=\"jet-services__desc\">Este paquete es un chequeo general para toda la familia, aporta informaci\u00f3n para diagnostico o control de diabetes, funci\u00f3n renal, infecciones de v\u00edas urinarias, anemia y deficiencia de hierro, niveles de colesterol y triglic\u00e9ridos.<\/p><a class=\"elementor-button elementor-size-md jet-services__button jet-services__button--icon-\" href=\"https:\/\/laboratoriosanpaulo.com\/en\/perfiles\/perfiles-preventivos\/paquete-check-up-i\/\"><span class=\"jet-services__button-text\">Ver detalles<\/span><\/a><\/div>\n\t<\/div>\n<\/div>\n<\/div>\t\t<\/div>\n\t\t\t\t<\/div>\n\t\t\t\t<div class=\"elementor-element elementor-element-bc4c1ab elementor-widget__width-initial elementor-widget-mobile__width-inherit elementor-widget elementor-widget-jet-services\" data-id=\"bc4c1ab\" data-element_type=\"widget\" data-widget_type=\"jet-services.default\">\n\t\t\t\t<div class=\"elementor-widget-container\">\n\t\t\t<div class=\"elementor-jet-services jet-elements\"><div class=\"jet-services jet-services--header-position-top\">\n\t<div class=\"jet-services__inner\">\n\t\t<div class=\"jet-services__header\">\n\t\t\t<div class=\"jet-services__cover\"><\/div>\n\t\t<\/div>\n\t\t<div class=\"jet-services__content\"><h3 class=\"jet-services__title\"><span class=\"jet-services__title-text\">Paquete Check Up Plus<\/span><\/h3><p class=\"jet-services__desc\">Es uno de nuestros paquetes m\u00e1s completos. Proporciona informaci\u00f3n preventiva detallada al evaluar el funcionamiento del h\u00edgado y los ri\u00f1ones, as\u00ed como la salud cardiovascular a trav\u00e9s del an\u00e1lisis de grasas como triglic\u00e9ridos y colesterol. Adem\u00e1s, ofrece datos \u00fatiles para el diagn\u00f3stico o control de la diabetes y la detecci\u00f3n de infecciones generales o de v\u00edas urinarias.<\/p><a class=\"elementor-button elementor-size-md jet-services__button jet-services__button--icon-\" href=\"https:\/\/laboratoriosanpaulo.com\/en\/perfiles\/perfiles-preventivos\/paquete-check-up-plus\/\"><span class=\"jet-services__button-text\">Ver detalles<\/span><\/a><\/div>\n\t<\/div>\n<\/div>\n<\/div>\t\t<\/div>\n\t\t\t\t<\/div>\n\t\t\t\t\t\t<\/div>\n\t\t\t\t\t<\/div>\n\t\t<\/div>\n\t\t\t\t\t\t\t\t<\/div>\n\t\t\t\t\t<\/div>\n\t\t<\/section>\n\t\t\t\t\t\t<\/div>\n\t\t\t\t\t\t<\/div>\n\t\t\t\t\t<\/div>","protected":false},"excerpt":{"rendered":"<p>Perfiles Preventivos Aqu\u00ed encontrar\u00e1s todas las opciones para estudios preventivos de enfermedades Perfil SMAC Electrolitos M\u00e1s de 30 estudios que aportan extensa informaci\u00f3n de tu estado de salud general. Ofrece informaci\u00f3n para diagnostico o control de diabetes, nos permite conocer anemias, infecciones de v\u00edas urinarias, funci\u00f3n renal y hep\u00e1tica completa, nivel de grasas como triglic\u00e9ridos [&hellip;]<\/p>","protected":false},"author":1,"featured_media":0,"parent":1363,"menu_order":0,"comment_status":"closed","ping_status":"closed","template":"elementor_header_footer","meta":{"footnotes":""},"class_list":["post-1415","page","type-page","status-publish","hentry","no-thumb"],"yoast_head":"<!-- This site is optimized with the Yoast SEO plugin v20.1 - https:\/\/yoast.com\/wordpress\/plugins\/seo\/ -->\n<title>Perfiles Preventivos - Laboratorio San Paulo<\/title>\n<meta name=\"robots\" content=\"index, follow, max-snippet:-1, max-image-preview:large, max-video-preview:-1\" \/>\n<link rel=\"canonical\" href=\"https:\/\/laboratoriosanpaulo.com\/en\/perfiles\/perfiles-preventivos\/\" \/>\n<meta property=\"og:locale\" content=\"en_US\" \/>\n<meta property=\"og:type\" content=\"article\" \/>\n<meta property=\"og:title\" content=\"Perfiles Preventivos - Laboratorio San Paulo\" \/>\n<meta property=\"og:description\" content=\"Perfiles Preventivos Aqu\u00ed encontrar\u00e1s todas las opciones para estudios preventivos de enfermedades Perfil SMAC Electrolitos M\u00e1s de 30 estudios que aportan extensa informaci\u00f3n de tu estado de salud general. Ofrece informaci\u00f3n para diagnostico o control de diabetes, nos permite conocer anemias, infecciones de v\u00edas urinarias, funci\u00f3n renal y hep\u00e1tica completa, nivel de grasas como triglic\u00e9ridos [&hellip;]\" \/>\n<meta property=\"og:url\" content=\"https:\/\/laboratoriosanpaulo.com\/en\/perfiles\/perfiles-preventivos\/\" \/>\n<meta property=\"og:site_name\" content=\"Laboratorio San Paulo\" \/>\n<meta property=\"article:publisher\" content=\"https:\/\/www.facebook.com\/laboratoriosanpaulo\" \/>\n<meta property=\"article:modified_time\" content=\"2026-02-26T22:32:40+00:00\" \/>\n<meta name=\"twitter:card\" content=\"summary_large_image\" \/>\n<meta name=\"twitter:label1\" content=\"Est. reading time\" \/>\n\t<meta name=\"twitter:data1\" content=\"2 minutes\" \/>\n<script type=\"application\/ld+json\" class=\"yoast-schema-graph\">{\"@context\":\"https:\/\/schema.org\",\"@graph\":[{\"@type\":\"WebPage\",\"@id\":\"https:\/\/laboratoriosanpaulo.com\/perfiles\/perfiles-preventivos\/\",\"url\":\"https:\/\/laboratoriosanpaulo.com\/perfiles\/perfiles-preventivos\/\",\"name\":\"Perfiles Preventivos - Laboratorio San Paulo\",\"isPartOf\":{\"@id\":\"https:\/\/laboratoriosanpaulo.com\/#website\"},\"datePublished\":\"2021-03-23T22:50:42+00:00\",\"dateModified\":\"2026-02-26T22:32:40+00:00\",\"breadcrumb\":{\"@id\":\"https:\/\/laboratoriosanpaulo.com\/perfiles\/perfiles-preventivos\/#breadcrumb\"},\"inLanguage\":\"en-US\",\"potentialAction\":[{\"@type\":\"ReadAction\",\"target\":[\"https:\/\/laboratoriosanpaulo.com\/perfiles\/perfiles-preventivos\/\"]}]},{\"@type\":\"BreadcrumbList\",\"@id\":\"https:\/\/laboratoriosanpaulo.com\/perfiles\/perfiles-preventivos\/#breadcrumb\",\"itemListElement\":[{\"@type\":\"ListItem\",\"position\":1,\"name\":\"Portada\",\"item\":\"https:\/\/laboratoriosanpaulo.com\/\"},{\"@type\":\"ListItem\",\"position\":2,\"name\":\"Perfiles\",\"item\":\"https:\/\/laboratoriosanpaulo.com\/perfiles\/\"},{\"@type\":\"ListItem\",\"position\":3,\"name\":\"Perfiles Preventivos\"}]},{\"@type\":\"WebSite\",\"@id\":\"https:\/\/laboratoriosanpaulo.com\/#website\",\"url\":\"https:\/\/laboratoriosanpaulo.com\/\",\"name\":\"Laboratorio San Paulo\",\"description\":\"Laboratorio de an\u00e1lisis cl\u00ednicos\",\"publisher\":{\"@id\":\"https:\/\/laboratoriosanpaulo.com\/#organization\"},\"potentialAction\":[{\"@type\":\"SearchAction\",\"target\":{\"@type\":\"EntryPoint\",\"urlTemplate\":\"https:\/\/laboratoriosanpaulo.com\/?s={search_term_string}\"},\"query-input\":\"required name=search_term_string\"}],\"inLanguage\":\"en-US\"},{\"@type\":\"Organization\",\"@id\":\"https:\/\/laboratoriosanpaulo.com\/#organization\",\"name\":\"Laboratorio San Paulo\",\"url\":\"https:\/\/laboratoriosanpaulo.com\/\",\"logo\":{\"@type\":\"ImageObject\",\"inLanguage\":\"en-US\",\"@id\":\"https:\/\/laboratoriosanpaulo.com\/#\/schema\/logo\/image\/\",\"url\":\"https:\/\/i0.wp.com\/laboratoriosanpaulo.com\/wp-content\/uploads\/2021\/01\/1_logo_laboratorio_san_pablo.png?fit=350%2C100&ssl=1\",\"contentUrl\":\"https:\/\/i0.wp.com\/laboratoriosanpaulo.com\/wp-content\/uploads\/2021\/01\/1_logo_laboratorio_san_pablo.png?fit=350%2C100&ssl=1\",\"width\":350,\"height\":100,\"caption\":\"Laboratorio San Paulo\"},\"image\":{\"@id\":\"https:\/\/laboratoriosanpaulo.com\/#\/schema\/logo\/image\/\"},\"sameAs\":[\"https:\/\/www.facebook.com\/laboratoriosanpaulo\",\"https:\/\/www.instagram.com\/laboratoriosanpaulo\"]}]}<\/script>\n<!-- \/ Yoast SEO plugin. -->","yoast_head_json":{"title":"Perfiles Preventivos - Laboratorio San Paulo","robots":{"index":"index","follow":"follow","max-snippet":"max-snippet:-1","max-image-preview":"max-image-preview:large","max-video-preview":"max-video-preview:-1"},"canonical":"https:\/\/laboratoriosanpaulo.com\/en\/perfiles\/perfiles-preventivos\/","og_locale":"en_US","og_type":"article","og_title":"Perfiles Preventivos - Laboratorio San Paulo","og_description":"Perfiles Preventivos Aqu\u00ed encontrar\u00e1s todas las opciones para estudios preventivos de enfermedades Perfil SMAC Electrolitos M\u00e1s de 30 estudios que aportan extensa informaci\u00f3n de tu estado de salud general. Ofrece informaci\u00f3n para diagnostico o control de diabetes, nos permite conocer anemias, infecciones de v\u00edas urinarias, funci\u00f3n renal y hep\u00e1tica completa, nivel de grasas como triglic\u00e9ridos [&hellip;]","og_url":"https:\/\/laboratoriosanpaulo.com\/en\/perfiles\/perfiles-preventivos\/","og_site_name":"Laboratorio San Paulo","article_publisher":"https:\/\/www.facebook.com\/laboratoriosanpaulo","article_modified_time":"2026-02-26T22:32:40+00:00","twitter_card":"summary_large_image","twitter_misc":{"Est. reading time":"2 minutes"},"schema":{"@context":"https:\/\/schema.org","@graph":[{"@type":"WebPage","@id":"https:\/\/laboratoriosanpaulo.com\/perfiles\/perfiles-preventivos\/","url":"https:\/\/laboratoriosanpaulo.com\/perfiles\/perfiles-preventivos\/","name":"Perfiles Preventivos - Laboratorio San Paulo","isPartOf":{"@id":"https:\/\/laboratoriosanpaulo.com\/#website"},"datePublished":"2021-03-23T22:50:42+00:00","dateModified":"2026-02-26T22:32:40+00:00","breadcrumb":{"@id":"https:\/\/laboratoriosanpaulo.com\/perfiles\/perfiles-preventivos\/#breadcrumb"},"inLanguage":"en-US","potentialAction":[{"@type":"ReadAction","target":["https:\/\/laboratoriosanpaulo.com\/perfiles\/perfiles-preventivos\/"]}]},{"@type":"BreadcrumbList","@id":"https:\/\/laboratoriosanpaulo.com\/perfiles\/perfiles-preventivos\/#breadcrumb","itemListElement":[{"@type":"ListItem","position":1,"name":"Portada","item":"https:\/\/laboratoriosanpaulo.com\/"},{"@type":"ListItem","position":2,"name":"Perfiles","item":"https:\/\/laboratoriosanpaulo.com\/perfiles\/"},{"@type":"ListItem","position":3,"name":"Perfiles Preventivos"}]},{"@type":"WebSite","@id":"https:\/\/laboratoriosanpaulo.com\/#website","url":"https:\/\/laboratoriosanpaulo.com\/","name":"Laboratorio San Paulo","description":"Laboratorio de an\u00e1lisis cl\u00ednicos","publisher":{"@id":"https:\/\/laboratoriosanpaulo.com\/#organization"},"potentialAction":[{"@type":"SearchAction","target":{"@type":"EntryPoint","urlTemplate":"https:\/\/laboratoriosanpaulo.com\/?s={search_term_string}"},"query-input":"required name=search_term_string"}],"inLanguage":"en-US"},{"@type":"Organization","@id":"https:\/\/laboratoriosanpaulo.com\/#organization","name":"Laboratorio San Paulo","url":"https:\/\/laboratoriosanpaulo.com\/","logo":{"@type":"ImageObject","inLanguage":"en-US","@id":"https:\/\/laboratoriosanpaulo.com\/#\/schema\/logo\/image\/","url":"https:\/\/i0.wp.com\/laboratoriosanpaulo.com\/wp-content\/uploads\/2021\/01\/1_logo_laboratorio_san_pablo.png?fit=350%2C100&ssl=1","contentUrl":"https:\/\/i0.wp.com\/laboratoriosanpaulo.com\/wp-content\/uploads\/2021\/01\/1_logo_laboratorio_san_pablo.png?fit=350%2C100&ssl=1","width":350,"height":100,"caption":"Laboratorio San Paulo"},"image":{"@id":"https:\/\/laboratoriosanpaulo.com\/#\/schema\/logo\/image\/"},"sameAs":["https:\/\/www.facebook.com\/laboratoriosanpaulo","https:\/\/www.instagram.com\/laboratoriosanpaulo"]}]}},"_links":{"self":[{"href":"https:\/\/laboratoriosanpaulo.com\/en\/wp-json\/wp\/v2\/pages\/1415","targetHints":{"allow":["GET"]}}],"collection":[{"href":"https:\/\/laboratoriosanpaulo.com\/en\/wp-json\/wp\/v2\/pages"}],"about":[{"href":"https:\/\/laboratoriosanpaulo.com\/en\/wp-json\/wp\/v2\/types\/page"}],"author":[{"embeddable":true,"href":"https:\/\/laboratoriosanpaulo.com\/en\/wp-json\/wp\/v2\/users\/1"}],"replies":[{"embeddable":true,"href":"https:\/\/laboratoriosanpaulo.com\/en\/wp-json\/wp\/v2\/comments?post=1415"}],"version-history":[{"count":64,"href":"https:\/\/laboratoriosanpaulo.com\/en\/wp-json\/wp\/v2\/pages\/1415\/revisions"}],"predecessor-version":[{"id":3990,"href":"https:\/\/laboratoriosanpaulo.com\/en\/wp-json\/wp\/v2\/pages\/1415\/revisions\/3990"}],"up":[{"embeddable":true,"href":"https:\/\/laboratoriosanpaulo.com\/en\/wp-json\/wp\/v2\/pages\/1363"}],"wp:attachment":[{"href":"https:\/\/laboratoriosanpaulo.com\/en\/wp-json\/wp\/v2\/media?parent=1415"}],"curies":[{"name":"wp","href":"https:\/\/api.w.org\/{rel}","templated":true}]}}