{"id":1639,"date":"2021-04-08T16:43:11","date_gmt":"2021-04-08T16:43:11","guid":{"rendered":"https:\/\/laboratoriosanpaulo.com\/?page_id=1639"},"modified":"2021-06-10T16:00:46","modified_gmt":"2021-06-10T16:00:46","slug":"drogas-de-abuso-3-y-4","status":"publish","type":"page","link":"https:\/\/laboratoriosanpaulo.com\/en\/perfiles\/ets\/drogas-de-abuso-3-y-4\/","title":{"rendered":"Drogas de Abuso3 y 4"},"content":{"rendered":"<div data-elementor-type=\"wp-page\" data-elementor-id=\"1639\" class=\"elementor elementor-1639\" data-elementor-settings=\"[]\">\n\t\t\t\t\t\t<div class=\"elementor-inner\">\n\t\t\t\t\t\t\t<div class=\"elementor-section-wrap\">\n\t\t\t\t\t\t\t<section class=\"elementor-section elementor-top-section elementor-element elementor-element-a3cb99d elementor-section-boxed elementor-section-height-default elementor-section-height-default\" data-id=\"a3cb99d\" data-element_type=\"section\">\n\t\t\t\t\t\t<div class=\"elementor-container elementor-column-gap-default\">\n\t\t\t\t\t\t\t<div class=\"elementor-row\">\n\t\t\t\t\t<div class=\"elementor-column elementor-col-50 elementor-top-column elementor-element elementor-element-aaca1be\" data-id=\"aaca1be\" data-element_type=\"column\" data-settings=\"{&quot;background_background&quot;:&quot;classic&quot;}\">\n\t\t\t<div class=\"elementor-column-wrap elementor-element-populated\">\n\t\t\t\t\t\t\t<div class=\"elementor-widget-wrap\">\n\t\t\t\t\t\t<div class=\"elementor-element elementor-element-081c4c3 elementor-widget elementor-widget-heading\" data-id=\"081c4c3\" data-element_type=\"widget\" data-widget_type=\"heading.default\">\n\t\t\t\t<div class=\"elementor-widget-container\">\n\t\t\t<h1 class=\"elementor-heading-title elementor-size-default\">PERFIL DROGAS DE ABUSO 3 Y 6<\/h1>\t\t<\/div>\n\t\t\t\t<\/div>\n\t\t\t\t<div class=\"elementor-element elementor-element-6121501 elementor-widget elementor-widget-text-editor\" data-id=\"6121501\" data-element_type=\"widget\" data-widget_type=\"text-editor.default\">\n\t\t\t\t<div class=\"elementor-widget-container\">\n\t\t\t\t\t<div class=\"elementor-text-editor elementor-clearfix\">Procedimiento de detecci\u00f3n, prevenci\u00f3n y control del uso de drogas ilegales o medicamentos controlados.<\/div>\n\t\t\t\t<\/div>\n\t\t\t\t<\/div>\n\t\t\t\t<div class=\"elementor-element elementor-element-7e5d7d2 elementor-widget elementor-widget-jet-table\" data-id=\"7e5d7d2\" data-element_type=\"widget\" data-widget_type=\"jet-table.default\">\n\t\t\t\t<div class=\"elementor-widget-container\">\n\t\t\t<div class=\"elementor-jet-table jet-elements\">\n\t\t<div class=\"jet-table-wrapper\">\n\t\t\t<table class=\"jet-table jet-table--fa5-compat\">\n\t\t\t\t<thead class=\"jet-table__head\"><tr class=\"jet-table__head-row\"><th class=\"jet-table__cell elementor-repeater-item-31332c2 jet-table__head-cell\" scope=\"col\"><div class=\"jet-table__cell-inner\"><div class=\"jet-table__cell-content\"><span class=\"jet-elements-icon jet-table__cell-icon jet-table__cell-icon--before\"><i aria-hidden=\"true\" class=\"fas fa-vials\"><\/i><\/span><div class=\"jet-table__cell-text\">Listado de Estudios<\/div><\/div><\/div><\/th><\/tr><\/thead>\n\t\t\t\t\t\t\t\t<tbody class=\"jet-table__body\"><td class=\"jet-table__cell elementor-repeater-item-7486fa5 jet-table__body-cell\"><div class=\"jet-table__cell-inner\"><div class=\"jet-table__cell-content\"><div class=\"jet-table__cell-text\">Coca\u00edna<\/div><\/div><\/div><\/td><tr class=\"jet-table__body-row elementor-repeater-item-094346f\"><td class=\"jet-table__cell elementor-repeater-item-96ac5ab jet-table__body-cell\"><div class=\"jet-table__cell-inner\"><div class=\"jet-table__cell-content\"><div class=\"jet-table__cell-text\">Marihuana<\/div><\/div><\/div><\/td><\/tr><tr class=\"jet-table__body-row elementor-repeater-item-9054fc1\"><td class=\"jet-table__cell elementor-repeater-item-1c30adf jet-table__body-cell\"><div class=\"jet-table__cell-inner\"><div class=\"jet-table__cell-content\"><div class=\"jet-table__cell-text\">Anfetaminas<\/div><\/div><\/div><\/td><\/tr><tr class=\"jet-table__body-row elementor-repeater-item-6d17581\"><td class=\"jet-table__cell elementor-repeater-item-5b4824b jet-table__body-cell\"><div class=\"jet-table__cell-inner\"><div class=\"jet-table__cell-content\"><div class=\"jet-table__cell-text\">Metanfetaminas (solo perfil 6)<\/div><\/div><\/div><\/td><\/tr><tr class=\"jet-table__body-row elementor-repeater-item-e9c7184\"><td class=\"jet-table__cell elementor-repeater-item-8e20427 jet-table__body-cell\"><div class=\"jet-table__cell-inner\"><div class=\"jet-table__cell-content\"><div class=\"jet-table__cell-text\">Benzodiacepinas (solo perfil 6)<\/div><\/div><\/div><\/td><\/tr><tr class=\"jet-table__body-row elementor-repeater-item-fc5e7dc\"><td class=\"jet-table__cell elementor-repeater-item-0450f0e jet-table__body-cell\"><div class=\"jet-table__cell-inner\"><div class=\"jet-table__cell-content\"><div class=\"jet-table__cell-text\">Barbituricos (solo perfil 6)<\/div><\/div><\/div><\/td><\/tr><\/tbody>\n\t\t\t<\/table>\n\t\t<\/div>\n\n\t\t<\/div>\t\t<\/div>\n\t\t\t\t<\/div>\n\t\t\t\t<div class=\"elementor-element elementor-element-5f6f9ee elementor-widget elementor-widget-heading\" data-id=\"5f6f9ee\" data-element_type=\"widget\" data-widget_type=\"heading.default\">\n\t\t\t\t<div class=\"elementor-widget-container\">\n\t\t\t<h2 class=\"elementor-heading-title elementor-size-default\">Proceso para obtenci\u00f3n de muestra<\/h2>\t\t<\/div>\n\t\t\t\t<\/div>\n\t\t\t\t<div class=\"elementor-element elementor-element-7c0baa4 elementor-widget elementor-widget-text-editor\" data-id=\"7c0baa4\" data-element_type=\"widget\" data-widget_type=\"text-editor.default\">\n\t\t\t\t<div class=\"elementor-widget-container\">\n\t\t\t\t\t<div class=\"elementor-text-editor elementor-clearfix\"><p>Para obtener esta muestra el paciente debe realizar el siguiente proceso<\/p><\/div>\n\t\t\t\t<\/div>\n\t\t\t\t<\/div>\n\t\t\t\t<div class=\"elementor-element elementor-element-aaefabb elementor-widget elementor-widget-text-editor\" data-id=\"aaefabb\" data-element_type=\"widget\" data-widget_type=\"text-editor.default\">\n\t\t\t\t<div class=\"elementor-widget-container\">\n\t\t\t\t\t<div class=\"elementor-text-editor elementor-clearfix\"><ul class=\"default-text-ul\" style=\"margin: 0; padding-left: 40px;\">\n<li class=\"default-text\"><span style=\"letter-spacing: 0px;\">Se recolecta muestra<\/span><span style=\"color: rgb(138, 144, 153); letter-spacing: 0px;\"> de orina bajo la supervisi\u00f3n con alg\u00fan personal del laboratorio para verificar corresponda una muestra segura<\/span><br><\/li>\n<\/ul><\/div>\n\t\t\t\t<\/div>\n\t\t\t\t<\/div>\n\t\t\t\t<div class=\"elementor-element elementor-element-85ed522 elementor-widget elementor-widget-heading\" data-id=\"85ed522\" data-element_type=\"widget\" data-widget_type=\"heading.default\">\n\t\t\t\t<div class=\"elementor-widget-container\">\n\t\t\t<h2 class=\"elementor-heading-title elementor-size-default\">Requerimientos previos<\/h2>\t\t<\/div>\n\t\t\t\t<\/div>\n\t\t\t\t<div class=\"elementor-element elementor-element-3643273 elementor-widget elementor-widget-text-editor\" data-id=\"3643273\" data-element_type=\"widget\" data-widget_type=\"text-editor.default\">\n\t\t\t\t<div class=\"elementor-widget-container\">\n\t\t\t\t\t<div class=\"elementor-text-editor elementor-clearfix\"><p>Para poder realizar esta prueba no es necesario ninguna preparaci\u00f3n previa<\/p><\/div>\n\t\t\t\t<\/div>\n\t\t\t\t<\/div>\n\t\t\t\t<div class=\"elementor-element elementor-element-cd44c3a elementor-widget elementor-widget-jet-button\" data-id=\"cd44c3a\" data-element_type=\"widget\" data-widget_type=\"jet-button.default\">\n\t\t\t\t<div class=\"elementor-widget-container\">\n\t\t\t<div class=\"elementor-jet-button jet-elements\"><div class=\"jet-button__container\">\n\t<a class=\"jet-button__instance jet-button__instance--icon-left hover-effect-0\" href=\"https:\/\/api.whatsapp.com\/send?phone=523228884367&#038;text=Quiero%20hacer%20una%20cita%20para%20el%20perfil%20drogas\">\n\t\t<div class=\"jet-button__plane jet-button__plane-normal\"><\/div>\n\t\t<div class=\"jet-button__plane jet-button__plane-hover\"><\/div>\n\t\t<div class=\"jet-button__state jet-button__state-normal\">\n\t\t\t<span class=\"jet-button__icon jet-elements-icon\"><i aria-hidden=\"true\" class=\"fab fa-whatsapp\"><\/i><\/span><span class=\"jet-button__label\">PROGRAMAR CITA<\/span>\t\t<\/div>\n\t\t<div class=\"jet-button__state jet-button__state-hover\">\n\t\t\t<span class=\"jet-button__icon jet-elements-icon\"><i aria-hidden=\"true\" class=\"fab fa-whatsapp\"><\/i><\/span><span class=\"jet-button__label\">PROGRAMAR CITA<\/span>\t\t<\/div>\n\t<\/a>\n<\/div>\n<\/div>\t\t<\/div>\n\t\t\t\t<\/div>\n\t\t\t\t\t\t<\/div>\n\t\t\t\t\t<\/div>\n\t\t<\/div>\n\t\t\t\t<div class=\"jet-sticky-column elementor-column elementor-col-50 elementor-top-column elementor-element elementor-element-dac12b1\" data-jet-settings=\"{&quot;id&quot;:&quot;dac12b1&quot;,&quot;sticky&quot;:true,&quot;topSpacing&quot;:50,&quot;bottomSpacing&quot;:50,&quot;stickyOn&quot;:[&quot;desktop&quot;,&quot;tablet&quot;]}\" data-id=\"dac12b1\" data-element_type=\"column\">\n\t\t\t<div class=\"elementor-column-wrap elementor-element-populated\">\n\t\t\t\t\t\t\t<div class=\"elementor-widget-wrap\">\n\t\t\t\t\t\t<div class=\"elementor-element elementor-element-95a1bcb gallery-spacing-custom elementor-widget elementor-widget-image-gallery\" data-id=\"95a1bcb\" data-element_type=\"widget\" data-widget_type=\"image-gallery.default\">\n\t\t\t\t<div class=\"elementor-widget-container\">\n\t\t\t\t\t<div class=\"elementor-image-gallery\">\n\t\t\t<div id='gallery-1' class='gallery galleryid-1639 gallery-columns-1 gallery-size-full'><figure class='gallery-item'>\n\t\t\t<div class='gallery-icon landscape'>\n\t\t\t\t<a data-elementor-open-lightbox=\"yes\" data-elementor-lightbox-slideshow=\"95a1bcb\" data-elementor-lightbox-title=\"3-drogas-laboratorio-san-pablo\" href='https:\/\/i0.wp.com\/laboratoriosanpaulo.com\/wp-content\/uploads\/2021\/03\/3-drogas-laboratorio-san-pablo.jpg?ssl=1'><img loading=\"lazy\" decoding=\"async\" width=\"535\" height=\"367\" src=\"https:\/\/i0.wp.com\/laboratoriosanpaulo.com\/wp-content\/uploads\/2021\/03\/3-drogas-laboratorio-san-pablo.jpg?fit=535%2C367&amp;ssl=1\" class=\"attachment-full size-full\" alt=\"\" srcset=\"https:\/\/i0.wp.com\/laboratoriosanpaulo.com\/wp-content\/uploads\/2021\/03\/3-drogas-laboratorio-san-pablo.jpg?w=535&amp;ssl=1 535w, https:\/\/i0.wp.com\/laboratoriosanpaulo.com\/wp-content\/uploads\/2021\/03\/3-drogas-laboratorio-san-pablo.jpg?resize=300%2C206&amp;ssl=1 300w, https:\/\/i0.wp.com\/laboratoriosanpaulo.com\/wp-content\/uploads\/2021\/03\/3-drogas-laboratorio-san-pablo.jpg?resize=370%2C254&amp;ssl=1 370w\" sizes=\"auto, (max-width: 535px) 100vw, 535px\" \/><\/a>\n\t\t\t<\/div><\/figure><figure class='gallery-item'>\n\t\t\t<div class='gallery-icon landscape'>\n\t\t\t\t<a data-elementor-open-lightbox=\"yes\" data-elementor-lightbox-slideshow=\"95a1bcb\" data-elementor-lightbox-title=\"sembrado-laboratorio-san-pablo\" href='https:\/\/i0.wp.com\/laboratoriosanpaulo.com\/wp-content\/uploads\/2021\/03\/sembrado-laboratorio-san-pablo.jpg?ssl=1'><img loading=\"lazy\" decoding=\"async\" width=\"774\" height=\"515\" src=\"https:\/\/i0.wp.com\/laboratoriosanpaulo.com\/wp-content\/uploads\/2021\/03\/sembrado-laboratorio-san-pablo.jpg?fit=774%2C515&amp;ssl=1\" class=\"attachment-full size-full\" alt=\"\" srcset=\"https:\/\/i0.wp.com\/laboratoriosanpaulo.com\/wp-content\/uploads\/2021\/03\/sembrado-laboratorio-san-pablo.jpg?w=774&amp;ssl=1 774w, https:\/\/i0.wp.com\/laboratoriosanpaulo.com\/wp-content\/uploads\/2021\/03\/sembrado-laboratorio-san-pablo.jpg?resize=300%2C200&amp;ssl=1 300w, https:\/\/i0.wp.com\/laboratoriosanpaulo.com\/wp-content\/uploads\/2021\/03\/sembrado-laboratorio-san-pablo.jpg?resize=768%2C511&amp;ssl=1 768w, https:\/\/i0.wp.com\/laboratoriosanpaulo.com\/wp-content\/uploads\/2021\/03\/sembrado-laboratorio-san-pablo.jpg?resize=370%2C246&amp;ssl=1 370w, https:\/\/i0.wp.com\/laboratoriosanpaulo.com\/wp-content\/uploads\/2021\/03\/sembrado-laboratorio-san-pablo.jpg?resize=600%2C399&amp;ssl=1 600w\" sizes=\"auto, (max-width: 774px) 100vw, 774px\" \/><\/a>\n\t\t\t<\/div><\/figure><figure class='gallery-item'>\n\t\t\t<div class='gallery-icon landscape'>\n\t\t\t\t<a data-elementor-open-lightbox=\"yes\" data-elementor-lightbox-slideshow=\"95a1bcb\" data-elementor-lightbox-title=\"4-galeria-perfiles-laboratorio-san-pablo\" href='https:\/\/i0.wp.com\/laboratoriosanpaulo.com\/wp-content\/uploads\/2021\/04\/4-galeria-perfiles-laboratorio-san-pablo.jpg?ssl=1'><img loading=\"lazy\" decoding=\"async\" width=\"887\" height=\"665\" src=\"https:\/\/i0.wp.com\/laboratoriosanpaulo.com\/wp-content\/uploads\/2021\/04\/4-galeria-perfiles-laboratorio-san-pablo.jpg?fit=887%2C665&amp;ssl=1\" class=\"attachment-full size-full\" alt=\"\" srcset=\"https:\/\/i0.wp.com\/laboratoriosanpaulo.com\/wp-content\/uploads\/2021\/04\/4-galeria-perfiles-laboratorio-san-pablo.jpg?w=887&amp;ssl=1 887w, https:\/\/i0.wp.com\/laboratoriosanpaulo.com\/wp-content\/uploads\/2021\/04\/4-galeria-perfiles-laboratorio-san-pablo.jpg?resize=300%2C225&amp;ssl=1 300w, https:\/\/i0.wp.com\/laboratoriosanpaulo.com\/wp-content\/uploads\/2021\/04\/4-galeria-perfiles-laboratorio-san-pablo.jpg?resize=768%2C576&amp;ssl=1 768w, https:\/\/i0.wp.com\/laboratoriosanpaulo.com\/wp-content\/uploads\/2021\/04\/4-galeria-perfiles-laboratorio-san-pablo.jpg?resize=370%2C277&amp;ssl=1 370w\" sizes=\"auto, (max-width: 887px) 100vw, 887px\" \/><\/a>\n\t\t\t<\/div><\/figure>\n\t\t<\/div>\n\t\t<\/div>\n\t\t\t\t<\/div>\n\t\t\t\t<\/div>\n\t\t\t\t\t\t<\/div>\n\t\t\t\t\t<\/div>\n\t\t<\/div>\n\t\t\t\t\t\t\t\t<\/div>\n\t\t\t\t\t<\/div>\n\t\t<\/section>\n\t\t\t\t\t\t<\/div>\n\t\t\t\t\t\t<\/div>\n\t\t\t\t\t<\/div>","protected":false},"excerpt":{"rendered":"<p>PERFIL DROGAS DE ABUSO 3 Y 6 Procedimiento de detecci\u00f3n, prevenci\u00f3n y control del uso de drogas ilegales o medicamentos controlados. Listado de Estudios Coca\u00edna Marihuana Anfetaminas Metanfetaminas (solo perfil 6) Benzodiacepinas (solo perfil 6) Barbituricos (solo perfil 6) Proceso para obtenci\u00f3n de muestra Para obtener esta muestra el paciente debe realizar el siguiente proceso [&hellip;]<\/p>","protected":false},"author":1,"featured_media":0,"parent":1390,"menu_order":0,"comment_status":"closed","ping_status":"closed","template":"elementor_header_footer","meta":{"footnotes":""},"class_list":["post-1639","page","type-page","status-publish","hentry","no-thumb"],"yoast_head":"<!-- This site is optimized with the Yoast SEO plugin v20.1 - https:\/\/yoast.com\/wordpress\/plugins\/seo\/ -->\n<title>Drogas de Abuso3 y 4 - Laboratorio San Paulo<\/title>\n<meta name=\"robots\" content=\"index, follow, max-snippet:-1, max-image-preview:large, max-video-preview:-1\" \/>\n<link rel=\"canonical\" href=\"https:\/\/laboratoriosanpaulo.com\/en\/perfiles\/ets\/drogas-de-abuso-3-y-4\/\" \/>\n<meta property=\"og:locale\" content=\"en_US\" \/>\n<meta property=\"og:type\" content=\"article\" \/>\n<meta property=\"og:title\" content=\"Drogas de Abuso3 y 4 - Laboratorio San Paulo\" \/>\n<meta property=\"og:description\" content=\"PERFIL DROGAS DE ABUSO 3 Y 6 Procedimiento de detecci\u00f3n, prevenci\u00f3n y control del uso de drogas ilegales o medicamentos controlados. Listado de Estudios Coca\u00edna Marihuana Anfetaminas Metanfetaminas (solo perfil 6) Benzodiacepinas (solo perfil 6) Barbituricos (solo perfil 6) Proceso para obtenci\u00f3n de muestra Para obtener esta muestra el paciente debe realizar el siguiente proceso [&hellip;]\" \/>\n<meta property=\"og:url\" content=\"https:\/\/laboratoriosanpaulo.com\/en\/perfiles\/ets\/drogas-de-abuso-3-y-4\/\" \/>\n<meta property=\"og:site_name\" content=\"Laboratorio San Paulo\" \/>\n<meta property=\"article:publisher\" content=\"https:\/\/www.facebook.com\/laboratoriosanpaulo\" \/>\n<meta property=\"article:modified_time\" content=\"2021-06-10T16:00:46+00:00\" \/>\n<meta property=\"og:image\" content=\"https:\/\/laboratoriosanpaulo.com\/wp-content\/uploads\/2021\/03\/3-drogas-laboratorio-san-pablo.jpg\" \/>\n<meta name=\"twitter:card\" content=\"summary_large_image\" \/>\n<meta name=\"twitter:label1\" content=\"Est. reading time\" \/>\n\t<meta name=\"twitter:data1\" content=\"1 minute\" \/>\n<script type=\"application\/ld+json\" class=\"yoast-schema-graph\">{\"@context\":\"https:\/\/schema.org\",\"@graph\":[{\"@type\":\"WebPage\",\"@id\":\"https:\/\/laboratoriosanpaulo.com\/perfiles\/ets\/drogas-de-abuso-3-y-4\/\",\"url\":\"https:\/\/laboratoriosanpaulo.com\/perfiles\/ets\/drogas-de-abuso-3-y-4\/\",\"name\":\"Drogas de Abuso3 y 4 - Laboratorio San Paulo\",\"isPartOf\":{\"@id\":\"https:\/\/laboratoriosanpaulo.com\/#website\"},\"datePublished\":\"2021-04-08T16:43:11+00:00\",\"dateModified\":\"2021-06-10T16:00:46+00:00\",\"breadcrumb\":{\"@id\":\"https:\/\/laboratoriosanpaulo.com\/perfiles\/ets\/drogas-de-abuso-3-y-4\/#breadcrumb\"},\"inLanguage\":\"en-US\",\"potentialAction\":[{\"@type\":\"ReadAction\",\"target\":[\"https:\/\/laboratoriosanpaulo.com\/perfiles\/ets\/drogas-de-abuso-3-y-4\/\"]}]},{\"@type\":\"BreadcrumbList\",\"@id\":\"https:\/\/laboratoriosanpaulo.com\/perfiles\/ets\/drogas-de-abuso-3-y-4\/#breadcrumb\",\"itemListElement\":[{\"@type\":\"ListItem\",\"position\":1,\"name\":\"Portada\",\"item\":\"https:\/\/laboratoriosanpaulo.com\/\"},{\"@type\":\"ListItem\",\"position\":2,\"name\":\"Perfiles\",\"item\":\"https:\/\/laboratoriosanpaulo.com\/perfiles\/\"},{\"@type\":\"ListItem\",\"position\":3,\"name\":\"Enfermedades de Transmisi\u00f3n Sexual..\",\"item\":\"https:\/\/laboratoriosanpaulo.com\/perfiles\/ets\/\"},{\"@type\":\"ListItem\",\"position\":4,\"name\":\"Drogas de Abuso3 y 4\"}]},{\"@type\":\"WebSite\",\"@id\":\"https:\/\/laboratoriosanpaulo.com\/#website\",\"url\":\"https:\/\/laboratoriosanpaulo.com\/\",\"name\":\"Laboratorio San Paulo\",\"description\":\"Laboratorio de an\u00e1lisis cl\u00ednicos\",\"publisher\":{\"@id\":\"https:\/\/laboratoriosanpaulo.com\/#organization\"},\"potentialAction\":[{\"@type\":\"SearchAction\",\"target\":{\"@type\":\"EntryPoint\",\"urlTemplate\":\"https:\/\/laboratoriosanpaulo.com\/?s={search_term_string}\"},\"query-input\":\"required name=search_term_string\"}],\"inLanguage\":\"en-US\"},{\"@type\":\"Organization\",\"@id\":\"https:\/\/laboratoriosanpaulo.com\/#organization\",\"name\":\"Laboratorio San Paulo\",\"url\":\"https:\/\/laboratoriosanpaulo.com\/\",\"logo\":{\"@type\":\"ImageObject\",\"inLanguage\":\"en-US\",\"@id\":\"https:\/\/laboratoriosanpaulo.com\/#\/schema\/logo\/image\/\",\"url\":\"https:\/\/i0.wp.com\/laboratoriosanpaulo.com\/wp-content\/uploads\/2021\/01\/1_logo_laboratorio_san_pablo.png?fit=350%2C100&ssl=1\",\"contentUrl\":\"https:\/\/i0.wp.com\/laboratoriosanpaulo.com\/wp-content\/uploads\/2021\/01\/1_logo_laboratorio_san_pablo.png?fit=350%2C100&ssl=1\",\"width\":350,\"height\":100,\"caption\":\"Laboratorio San Paulo\"},\"image\":{\"@id\":\"https:\/\/laboratoriosanpaulo.com\/#\/schema\/logo\/image\/\"},\"sameAs\":[\"https:\/\/www.facebook.com\/laboratoriosanpaulo\",\"https:\/\/www.instagram.com\/laboratoriosanpaulo\"]}]}<\/script>\n<!-- \/ Yoast SEO plugin. -->","yoast_head_json":{"title":"Drogas de Abuso3 y 4 - Laboratorio San Paulo","robots":{"index":"index","follow":"follow","max-snippet":"max-snippet:-1","max-image-preview":"max-image-preview:large","max-video-preview":"max-video-preview:-1"},"canonical":"https:\/\/laboratoriosanpaulo.com\/en\/perfiles\/ets\/drogas-de-abuso-3-y-4\/","og_locale":"en_US","og_type":"article","og_title":"Drogas de Abuso3 y 4 - Laboratorio San Paulo","og_description":"PERFIL DROGAS DE ABUSO 3 Y 6 Procedimiento de detecci\u00f3n, prevenci\u00f3n y control del uso de drogas ilegales o medicamentos controlados. Listado de Estudios Coca\u00edna Marihuana Anfetaminas Metanfetaminas (solo perfil 6) Benzodiacepinas (solo perfil 6) Barbituricos (solo perfil 6) Proceso para obtenci\u00f3n de muestra Para obtener esta muestra el paciente debe realizar el siguiente proceso [&hellip;]","og_url":"https:\/\/laboratoriosanpaulo.com\/en\/perfiles\/ets\/drogas-de-abuso-3-y-4\/","og_site_name":"Laboratorio San Paulo","article_publisher":"https:\/\/www.facebook.com\/laboratoriosanpaulo","article_modified_time":"2021-06-10T16:00:46+00:00","og_image":[{"url":"https:\/\/laboratoriosanpaulo.com\/wp-content\/uploads\/2021\/03\/3-drogas-laboratorio-san-pablo.jpg"}],"twitter_card":"summary_large_image","twitter_misc":{"Est. reading time":"1 minute"},"schema":{"@context":"https:\/\/schema.org","@graph":[{"@type":"WebPage","@id":"https:\/\/laboratoriosanpaulo.com\/perfiles\/ets\/drogas-de-abuso-3-y-4\/","url":"https:\/\/laboratoriosanpaulo.com\/perfiles\/ets\/drogas-de-abuso-3-y-4\/","name":"Drogas de Abuso3 y 4 - Laboratorio San Paulo","isPartOf":{"@id":"https:\/\/laboratoriosanpaulo.com\/#website"},"datePublished":"2021-04-08T16:43:11+00:00","dateModified":"2021-06-10T16:00:46+00:00","breadcrumb":{"@id":"https:\/\/laboratoriosanpaulo.com\/perfiles\/ets\/drogas-de-abuso-3-y-4\/#breadcrumb"},"inLanguage":"en-US","potentialAction":[{"@type":"ReadAction","target":["https:\/\/laboratoriosanpaulo.com\/perfiles\/ets\/drogas-de-abuso-3-y-4\/"]}]},{"@type":"BreadcrumbList","@id":"https:\/\/laboratoriosanpaulo.com\/perfiles\/ets\/drogas-de-abuso-3-y-4\/#breadcrumb","itemListElement":[{"@type":"ListItem","position":1,"name":"Portada","item":"https:\/\/laboratoriosanpaulo.com\/"},{"@type":"ListItem","position":2,"name":"Perfiles","item":"https:\/\/laboratoriosanpaulo.com\/perfiles\/"},{"@type":"ListItem","position":3,"name":"Enfermedades de Transmisi\u00f3n Sexual..","item":"https:\/\/laboratoriosanpaulo.com\/perfiles\/ets\/"},{"@type":"ListItem","position":4,"name":"Drogas de Abuso3 y 4"}]},{"@type":"WebSite","@id":"https:\/\/laboratoriosanpaulo.com\/#website","url":"https:\/\/laboratoriosanpaulo.com\/","name":"Laboratorio San Paulo","description":"Laboratorio de an\u00e1lisis cl\u00ednicos","publisher":{"@id":"https:\/\/laboratoriosanpaulo.com\/#organization"},"potentialAction":[{"@type":"SearchAction","target":{"@type":"EntryPoint","urlTemplate":"https:\/\/laboratoriosanpaulo.com\/?s={search_term_string}"},"query-input":"required name=search_term_string"}],"inLanguage":"en-US"},{"@type":"Organization","@id":"https:\/\/laboratoriosanpaulo.com\/#organization","name":"Laboratorio San Paulo","url":"https:\/\/laboratoriosanpaulo.com\/","logo":{"@type":"ImageObject","inLanguage":"en-US","@id":"https:\/\/laboratoriosanpaulo.com\/#\/schema\/logo\/image\/","url":"https:\/\/i0.wp.com\/laboratoriosanpaulo.com\/wp-content\/uploads\/2021\/01\/1_logo_laboratorio_san_pablo.png?fit=350%2C100&ssl=1","contentUrl":"https:\/\/i0.wp.com\/laboratoriosanpaulo.com\/wp-content\/uploads\/2021\/01\/1_logo_laboratorio_san_pablo.png?fit=350%2C100&ssl=1","width":350,"height":100,"caption":"Laboratorio San Paulo"},"image":{"@id":"https:\/\/laboratoriosanpaulo.com\/#\/schema\/logo\/image\/"},"sameAs":["https:\/\/www.facebook.com\/laboratoriosanpaulo","https:\/\/www.instagram.com\/laboratoriosanpaulo"]}]}},"_links":{"self":[{"href":"https:\/\/laboratoriosanpaulo.com\/en\/wp-json\/wp\/v2\/pages\/1639","targetHints":{"allow":["GET"]}}],"collection":[{"href":"https:\/\/laboratoriosanpaulo.com\/en\/wp-json\/wp\/v2\/pages"}],"about":[{"href":"https:\/\/laboratoriosanpaulo.com\/en\/wp-json\/wp\/v2\/types\/page"}],"author":[{"embeddable":true,"href":"https:\/\/laboratoriosanpaulo.com\/en\/wp-json\/wp\/v2\/users\/1"}],"replies":[{"embeddable":true,"href":"https:\/\/laboratoriosanpaulo.com\/en\/wp-json\/wp\/v2\/comments?post=1639"}],"version-history":[{"count":13,"href":"https:\/\/laboratoriosanpaulo.com\/en\/wp-json\/wp\/v2\/pages\/1639\/revisions"}],"predecessor-version":[{"id":2842,"href":"https:\/\/laboratoriosanpaulo.com\/en\/wp-json\/wp\/v2\/pages\/1639\/revisions\/2842"}],"up":[{"embeddable":true,"href":"https:\/\/laboratoriosanpaulo.com\/en\/wp-json\/wp\/v2\/pages\/1390"}],"wp:attachment":[{"href":"https:\/\/laboratoriosanpaulo.com\/en\/wp-json\/wp\/v2\/media?parent=1639"}],"curies":[{"name":"wp","href":"https:\/\/api.w.org\/{rel}","templated":true}]}}