{"id":1669,"date":"2021-04-08T17:01:56","date_gmt":"2021-04-08T17:01:56","guid":{"rendered":"https:\/\/laboratoriosanpaulo.com\/?page_id=1669"},"modified":"2026-02-28T18:53:19","modified_gmt":"2026-02-28T18:53:19","slug":"paquete-check-up-plus","status":"publish","type":"page","link":"https:\/\/laboratoriosanpaulo.com\/en\/perfiles\/perfiles-preventivos\/paquete-check-up-plus\/","title":{"rendered":"paquete-check-up-plus"},"content":{"rendered":"<div data-elementor-type=\"wp-page\" data-elementor-id=\"1669\" class=\"elementor elementor-1669\" data-elementor-settings=\"[]\">\n\t\t\t\t\t\t<div class=\"elementor-inner\">\n\t\t\t\t\t\t\t<div class=\"elementor-section-wrap\">\n\t\t\t\t\t\t\t<section class=\"elementor-section elementor-top-section elementor-element elementor-element-a3cb99d elementor-section-boxed elementor-section-height-default elementor-section-height-default\" data-id=\"a3cb99d\" data-element_type=\"section\">\n\t\t\t\t\t\t<div class=\"elementor-container elementor-column-gap-default\">\n\t\t\t\t\t\t\t<div class=\"elementor-row\">\n\t\t\t\t\t<div class=\"elementor-column elementor-col-50 elementor-top-column elementor-element elementor-element-aaca1be\" data-id=\"aaca1be\" data-element_type=\"column\" data-settings=\"{&quot;background_background&quot;:&quot;classic&quot;}\">\n\t\t\t<div class=\"elementor-column-wrap elementor-element-populated\">\n\t\t\t\t\t\t\t<div class=\"elementor-widget-wrap\">\n\t\t\t\t\t\t<div class=\"elementor-element elementor-element-081c4c3 elementor-widget elementor-widget-heading\" data-id=\"081c4c3\" data-element_type=\"widget\" data-widget_type=\"heading.default\">\n\t\t\t\t<div class=\"elementor-widget-container\">\n\t\t\t<h1 class=\"elementor-heading-title elementor-size-default\">PAQUETE CHECK UP PLUS<\/h1>\t\t<\/div>\n\t\t\t\t<\/div>\n\t\t\t\t<div class=\"elementor-element elementor-element-6121501 elementor-widget elementor-widget-text-editor\" data-id=\"6121501\" data-element_type=\"widget\" data-widget_type=\"text-editor.default\">\n\t\t\t\t<div class=\"elementor-widget-container\">\n\t\t\t\t\t<div class=\"elementor-text-editor elementor-clearfix\"><p>Es uno de nuestros paquetes m\u00e1s completos. Proporciona informaci\u00f3n preventiva detallada al evaluar el funcionamiento del h\u00edgado y los ri\u00f1ones, as\u00ed como la salud cardiovascular a trav\u00e9s del an\u00e1lisis de grasas como triglic\u00e9ridos y colesterol. Adem\u00e1s, ofrece datos \u00fatiles para el diagn\u00f3stico o control de la diabetes y la detecci\u00f3n de infecciones generales o de v\u00edas urinarias.<\/p><\/div>\n\t\t\t\t<\/div>\n\t\t\t\t<\/div>\n\t\t\t\t<div class=\"elementor-element elementor-element-a6e7bbf elementor-widget elementor-widget-jet-table\" data-id=\"a6e7bbf\" data-element_type=\"widget\" data-widget_type=\"jet-table.default\">\n\t\t\t\t<div class=\"elementor-widget-container\">\n\t\t\t<div class=\"elementor-jet-table jet-elements\">\n\t\t<div class=\"jet-table-wrapper\">\n\t\t\t<table class=\"jet-table jet-table--fa5-compat\">\n\t\t\t\t<thead class=\"jet-table__head\"><tr class=\"jet-table__head-row\"><th class=\"jet-table__cell elementor-repeater-item-31332c2 jet-table__head-cell\" scope=\"col\"><div class=\"jet-table__cell-inner\"><div class=\"jet-table__cell-content\"><span class=\"jet-elements-icon jet-table__cell-icon jet-table__cell-icon--before\"><i aria-hidden=\"true\" class=\"fas fa-vials\"><\/i><\/span><div class=\"jet-table__cell-text\">Listado de Estudios<\/div><\/div><\/div><\/th><\/tr><\/thead>\n\t\t\t\t\t\t\t\t<tbody class=\"jet-table__body\"><td class=\"jet-table__cell elementor-repeater-item-7486fa5 jet-table__body-cell\"><div class=\"jet-table__cell-inner\"><div class=\"jet-table__cell-content\"><div class=\"jet-table__cell-text\">Biometr\u00eda Hem\u00e1tica<\/div><\/div><\/div><\/td><tr class=\"jet-table__body-row elementor-repeater-item-094346f\"><td class=\"jet-table__cell elementor-repeater-item-1c30adf jet-table__body-cell\"><div class=\"jet-table__cell-inner\"><div class=\"jet-table__cell-content\"><div class=\"jet-table__cell-text\">Examen General de Orina<\/div><\/div><\/div><\/td><\/tr><tr class=\"jet-table__body-row elementor-repeater-item-e9c7184\"><td class=\"jet-table__cell elementor-repeater-item-96ac5ab jet-table__body-cell\"><div class=\"jet-table__cell-inner\"><div class=\"jet-table__cell-content\"><div class=\"jet-table__cell-text\">Perfil L\u00edpidos <br>\n\u2022\tTriglic\u00e9ridos<br>\n\u2022\tColesterol total<br>\n\u2022\tColesterol HDL<br>\n\u2022\tColesterol LDL<br>\n\u2022\tL\u00edpidos totales<br>\n<\/div><\/div><\/div><\/td><\/tr><tr class=\"jet-table__body-row elementor-repeater-item-9054fc1\"><td class=\"jet-table__cell elementor-repeater-item-3f2271a jet-table__body-cell\"><div class=\"jet-table__cell-inner\"><div class=\"jet-table__cell-content\"><div class=\"jet-table__cell-text\">Qu\u00edmica Sangu\u00ednea de 4 Elementos <br>\n\u2022\tGlucosa <br>\n\u2022\tUrea <br>\n\u2022\tCreatinina <br>\n\u2022\tAcido \u00farico <br>\n<\/div><\/div><\/div><\/td><\/tr><tr class=\"jet-table__body-row elementor-repeater-item-5bad275\"><td class=\"jet-table__cell elementor-repeater-item-5b4824b jet-table__body-cell\"><div class=\"jet-table__cell-inner\"><div class=\"jet-table__cell-content\"><div class=\"jet-table__cell-text\">Pruebas de Funcionamiento Hep\u00e1tico <br>\n\u2022 Bilirrubina total  <br>\n\u2022 Bilirrubina directa <br>\n\u2022 Bilirrubina indirecta <br>\n\u2022 Gamma glutamil transferasa (GGT) <br>\n\u2022 Aspartato aminotransferasa (AST \/TGO) <br>\n\u2022 Alanina aminotransferasa (ALT \/ TGP) <br>\n\u2022 Fosfatasa alcalina <br>\n\u2022 Prote\u00ednas totales s\u00e9ricas <br>\n\u2022 Alb\u00famina s\u00e9rica <br>\n\u2022 Globulina <br>\n\u2022 Relaci\u00f3n alb\u00famina \/ globulina <br>\n\u2022 Lactato deshidrogenasa (LDH)  <br>\n<\/div><\/div><\/div><\/td><\/tr><\/tbody>\n\t\t\t<\/table>\n\t\t<\/div>\n\n\t\t<\/div>\t\t<\/div>\n\t\t\t\t<\/div>\n\t\t\t\t<div class=\"elementor-element elementor-element-5f6f9ee elementor-widget elementor-widget-heading\" data-id=\"5f6f9ee\" data-element_type=\"widget\" data-widget_type=\"heading.default\">\n\t\t\t\t<div class=\"elementor-widget-container\">\n\t\t\t<h2 class=\"elementor-heading-title elementor-size-default\">Indicaciones y requerimientos previos para obtenci\u00f3n de muestras<\/h2>\t\t<\/div>\n\t\t\t\t<\/div>\n\t\t\t\t<div class=\"elementor-element elementor-element-aaefabb elementor-widget elementor-widget-text-editor\" data-id=\"aaefabb\" data-element_type=\"widget\" data-widget_type=\"text-editor.default\">\n\t\t\t\t<div class=\"elementor-widget-container\">\n\t\t\t\t\t<div class=\"elementor-text-editor elementor-clearfix\"><ul class=\"default-text-ul\" style=\"margin: 0; padding-left: 40px;\"><li class=\"default-text\"><strong>Muestra de sangre<\/strong>:<\/li><\/ul><p>Ayuno m\u00ednimo de 8 horas y m\u00e1ximo de 12 horas para muestra sangu\u00edneas.<\/p><ul class=\"default-text-ul\" style=\"margin: 0; padding-left: 40px;\"><li class=\"default-text\"><p><strong>Muestra de orina:<\/strong><\/p><\/li><\/ul><p>Para resultados confiables, debe recolectar la primera orina del d\u00eda.<\/p><p>El tiempo de traslado de la muestra no debe ser mayor a 30 minutos. <br \/>En caso de que el tiempo de traslado sea mayor a 30 minutos, debe mantener la muestra en refrigeraci\u00f3n.<\/p><p style=\"text-align: center;\"><strong>PACIENTES MASCULINOS:<\/strong><\/p><p>1.- Debe lavarse las manos con agua y jab\u00f3n antes de iniciar el procedimiento.<br \/>2.- Debe limpiar el orificio del meato urinario de preferencia con una gasa limpia o papel que no libere residuos.<br \/>3.- Debe desechar la primera micci\u00f3n (primer chorro de orina) dentro de la taza del ba\u00f1o.<br \/>4.- Debe recolectar el chorro medio de la orina en el FRASCO ESTERIL (No frascos reciclados o de pl\u00e1stico lavados).<br \/>5.- Debe rotular la muestra con su nombre y entregar la muestra al laboratorio en NO m\u00e1s de 30 minutos despu\u00e9s de haberla recolectado.<\/p><p style=\"text-align: center;\"><strong>PACIENTES FEMENINOS:<\/strong><\/p><p>1.- Debe lavarse las manos con agua y jab\u00f3n antes de iniciar el procedimiento.<br \/>2.- Debe separar los labios vaginales y limpiar el orificio de preferencia con una gasa limpia o papel que no libere residuos. IMPORTANTE: Realizar el aseo de adelante hacia atr\u00e1s, sin regresar para NO contaminar la muestra.<br \/>3.- Debe desechar la primera micci\u00f3n (primer chorro de orina) dentro de la taza del ba\u00f1o.<br \/>4.- Debe recolectar el chorro medio de la orina en el FRASCO ESTERIL (No frascos reciclados o de pl\u00e1stico lavados).<br \/>5.- Debe rotular la muestra con su nombre y entregar la muestra al laboratorio en NO m\u00e1s de 30 minutos despu\u00e9s de haberla recolectado.<\/p><\/div>\n\t\t\t\t<\/div>\n\t\t\t\t<\/div>\n\t\t\t\t<div class=\"elementor-element elementor-element-cd44c3a elementor-widget elementor-widget-jet-button\" data-id=\"cd44c3a\" data-element_type=\"widget\" data-widget_type=\"jet-button.default\">\n\t\t\t\t<div class=\"elementor-widget-container\">\n\t\t\t<div class=\"elementor-jet-button jet-elements\"><div class=\"jet-button__container\">\n\t<a class=\"jet-button__instance jet-button__instance--icon-left hover-effect-0\" href=\"https:\/\/api.whatsapp.com\/send?phone=523228884367&#038;text=Quiero%20hacer%20una%20cita%20para%20el%20paquete%20basico%202\">\n\t\t<div class=\"jet-button__plane jet-button__plane-normal\"><\/div>\n\t\t<div class=\"jet-button__plane jet-button__plane-hover\"><\/div>\n\t\t<div class=\"jet-button__state jet-button__state-normal\">\n\t\t\t<span class=\"jet-button__icon jet-elements-icon\"><i aria-hidden=\"true\" class=\"fab fa-whatsapp\"><\/i><\/span><span class=\"jet-button__label\">PROGRAMAR CITA<\/span>\t\t<\/div>\n\t\t<div class=\"jet-button__state jet-button__state-hover\">\n\t\t\t<span class=\"jet-button__icon jet-elements-icon\"><i aria-hidden=\"true\" class=\"fab fa-whatsapp\"><\/i><\/span><span class=\"jet-button__label\">PROGRAMAR CITA<\/span>\t\t<\/div>\n\t<\/a>\n<\/div>\n<\/div>\t\t<\/div>\n\t\t\t\t<\/div>\n\t\t\t\t\t\t<\/div>\n\t\t\t\t\t<\/div>\n\t\t<\/div>\n\t\t\t\t<div class=\"jet-sticky-column elementor-column elementor-col-50 elementor-top-column elementor-element elementor-element-dac12b1\" data-jet-settings=\"{&quot;id&quot;:&quot;dac12b1&quot;,&quot;sticky&quot;:true,&quot;topSpacing&quot;:50,&quot;bottomSpacing&quot;:50,&quot;stickyOn&quot;:[&quot;desktop&quot;,&quot;tablet&quot;]}\" data-id=\"dac12b1\" data-element_type=\"column\">\n\t\t\t<div class=\"elementor-column-wrap elementor-element-populated\">\n\t\t\t\t\t\t\t<div class=\"elementor-widget-wrap\">\n\t\t\t\t\t\t<div class=\"elementor-element elementor-element-95a1bcb gallery-spacing-custom elementor-widget elementor-widget-image-gallery\" data-id=\"95a1bcb\" data-element_type=\"widget\" data-widget_type=\"image-gallery.default\">\n\t\t\t\t<div class=\"elementor-widget-container\">\n\t\t\t\t\t<div class=\"elementor-image-gallery\">\n\t\t\t<div id='gallery-1' class='gallery galleryid-1669 gallery-columns-1 gallery-size-full'><figure class='gallery-item'>\n\t\t\t<div class='gallery-icon landscape'>\n\t\t\t\t<a data-elementor-open-lightbox=\"yes\" data-elementor-lightbox-slideshow=\"95a1bcb\" data-elementor-lightbox-title=\"check up plus\" href='https:\/\/i0.wp.com\/laboratoriosanpaulo.com\/wp-content\/uploads\/2026\/02\/check-up-plus.png?ssl=1'><img loading=\"lazy\" decoding=\"async\" width=\"767\" height=\"525\" src=\"https:\/\/i0.wp.com\/laboratoriosanpaulo.com\/wp-content\/uploads\/2026\/02\/check-up-plus.png?fit=767%2C525&amp;ssl=1\" class=\"attachment-full size-full\" alt=\"\" srcset=\"https:\/\/i0.wp.com\/laboratoriosanpaulo.com\/wp-content\/uploads\/2026\/02\/check-up-plus.png?w=767&amp;ssl=1 767w, https:\/\/i0.wp.com\/laboratoriosanpaulo.com\/wp-content\/uploads\/2026\/02\/check-up-plus.png?resize=300%2C205&amp;ssl=1 300w, https:\/\/i0.wp.com\/laboratoriosanpaulo.com\/wp-content\/uploads\/2026\/02\/check-up-plus.png?resize=18%2C12&amp;ssl=1 18w, https:\/\/i0.wp.com\/laboratoriosanpaulo.com\/wp-content\/uploads\/2026\/02\/check-up-plus.png?resize=370%2C253&amp;ssl=1 370w\" sizes=\"auto, (max-width: 767px) 100vw, 767px\" \/><\/a>\n\t\t\t<\/div><\/figure><figure class='gallery-item'>\n\t\t\t<div class='gallery-icon landscape'>\n\t\t\t\t<a data-elementor-open-lightbox=\"yes\" data-elementor-lightbox-slideshow=\"95a1bcb\" data-elementor-lightbox-title=\"tamizneonatal\" href='https:\/\/i0.wp.com\/laboratoriosanpaulo.com\/wp-content\/uploads\/2026\/02\/tamizneonatal.png?ssl=1'><img loading=\"lazy\" decoding=\"async\" width=\"887\" height=\"665\" src=\"https:\/\/i0.wp.com\/laboratoriosanpaulo.com\/wp-content\/uploads\/2026\/02\/tamizneonatal.png?fit=887%2C665&amp;ssl=1\" class=\"attachment-full size-full\" alt=\"\" srcset=\"https:\/\/i0.wp.com\/laboratoriosanpaulo.com\/wp-content\/uploads\/2026\/02\/tamizneonatal.png?w=887&amp;ssl=1 887w, https:\/\/i0.wp.com\/laboratoriosanpaulo.com\/wp-content\/uploads\/2026\/02\/tamizneonatal.png?resize=300%2C225&amp;ssl=1 300w, https:\/\/i0.wp.com\/laboratoriosanpaulo.com\/wp-content\/uploads\/2026\/02\/tamizneonatal.png?resize=768%2C576&amp;ssl=1 768w, https:\/\/i0.wp.com\/laboratoriosanpaulo.com\/wp-content\/uploads\/2026\/02\/tamizneonatal.png?resize=16%2C12&amp;ssl=1 16w, https:\/\/i0.wp.com\/laboratoriosanpaulo.com\/wp-content\/uploads\/2026\/02\/tamizneonatal.png?resize=370%2C277&amp;ssl=1 370w\" sizes=\"auto, (max-width: 887px) 100vw, 887px\" \/><\/a>\n\t\t\t<\/div><\/figure>\n\t\t<\/div>\n\t\t<\/div>\n\t\t\t\t<\/div>\n\t\t\t\t<\/div>\n\t\t\t\t\t\t<\/div>\n\t\t\t\t\t<\/div>\n\t\t<\/div>\n\t\t\t\t\t\t\t\t<\/div>\n\t\t\t\t\t<\/div>\n\t\t<\/section>\n\t\t\t\t\t\t<\/div>\n\t\t\t\t\t\t<\/div>\n\t\t\t\t\t<\/div>","protected":false},"excerpt":{"rendered":"<p>PAQUETE CHECK UP PLUS Es uno de nuestros paquetes m\u00e1s completos. Proporciona informaci\u00f3n preventiva detallada al evaluar el funcionamiento del h\u00edgado y los ri\u00f1ones, as\u00ed como la salud cardiovascular a trav\u00e9s del an\u00e1lisis de grasas como triglic\u00e9ridos y colesterol. Adem\u00e1s, ofrece datos \u00fatiles para el diagn\u00f3stico o control de la diabetes y la detecci\u00f3n de [&hellip;]<\/p>","protected":false},"author":1,"featured_media":3946,"parent":1415,"menu_order":0,"comment_status":"closed","ping_status":"closed","template":"elementor_header_footer","meta":{"footnotes":""},"class_list":["post-1669","page","type-page","status-publish","has-post-thumbnail","hentry","has-thumb"],"yoast_head":"<!-- This site is optimized with the Yoast SEO plugin v20.1 - https:\/\/yoast.com\/wordpress\/plugins\/seo\/ -->\n<title>paquete-check-up-plus - Laboratorio San Paulo<\/title>\n<meta name=\"robots\" content=\"index, follow, max-snippet:-1, max-image-preview:large, max-video-preview:-1\" \/>\n<link rel=\"canonical\" href=\"https:\/\/laboratoriosanpaulo.com\/en\/perfiles\/perfiles-preventivos\/paquete-check-up-plus\/\" \/>\n<meta property=\"og:locale\" content=\"en_US\" \/>\n<meta property=\"og:type\" content=\"article\" \/>\n<meta property=\"og:title\" content=\"paquete-check-up-plus - Laboratorio San Paulo\" \/>\n<meta property=\"og:description\" content=\"PAQUETE CHECK UP PLUS Es uno de nuestros paquetes m\u00e1s completos. Proporciona informaci\u00f3n preventiva detallada al evaluar el funcionamiento del h\u00edgado y los ri\u00f1ones, as\u00ed como la salud cardiovascular a trav\u00e9s del an\u00e1lisis de grasas como triglic\u00e9ridos y colesterol. Adem\u00e1s, ofrece datos \u00fatiles para el diagn\u00f3stico o control de la diabetes y la detecci\u00f3n de [&hellip;]\" \/>\n<meta property=\"og:url\" content=\"https:\/\/laboratoriosanpaulo.com\/en\/perfiles\/perfiles-preventivos\/paquete-check-up-plus\/\" \/>\n<meta property=\"og:site_name\" content=\"Laboratorio San Paulo\" \/>\n<meta property=\"article:publisher\" content=\"https:\/\/www.facebook.com\/laboratoriosanpaulo\" \/>\n<meta property=\"article:modified_time\" content=\"2026-02-28T18:53:19+00:00\" \/>\n<meta property=\"og:image\" content=\"https:\/\/laboratoriosanpaulo.com\/wp-content\/uploads\/2026\/02\/check-up-plus.png\" \/>\n\t<meta property=\"og:image:width\" content=\"767\" \/>\n\t<meta property=\"og:image:height\" content=\"525\" \/>\n\t<meta property=\"og:image:type\" content=\"image\/png\" \/>\n<meta name=\"twitter:card\" content=\"summary_large_image\" \/>\n<meta name=\"twitter:label1\" content=\"Est. reading time\" \/>\n\t<meta name=\"twitter:data1\" content=\"3 minutes\" \/>\n<script type=\"application\/ld+json\" class=\"yoast-schema-graph\">{\"@context\":\"https:\/\/schema.org\",\"@graph\":[{\"@type\":\"WebPage\",\"@id\":\"https:\/\/laboratoriosanpaulo.com\/perfiles\/perfiles-preventivos\/paquete-check-up-plus\/\",\"url\":\"https:\/\/laboratoriosanpaulo.com\/perfiles\/perfiles-preventivos\/paquete-check-up-plus\/\",\"name\":\"paquete-check-up-plus - Laboratorio San Paulo\",\"isPartOf\":{\"@id\":\"https:\/\/laboratoriosanpaulo.com\/#website\"},\"datePublished\":\"2021-04-08T17:01:56+00:00\",\"dateModified\":\"2026-02-28T18:53:19+00:00\",\"breadcrumb\":{\"@id\":\"https:\/\/laboratoriosanpaulo.com\/perfiles\/perfiles-preventivos\/paquete-check-up-plus\/#breadcrumb\"},\"inLanguage\":\"en-US\",\"potentialAction\":[{\"@type\":\"ReadAction\",\"target\":[\"https:\/\/laboratoriosanpaulo.com\/perfiles\/perfiles-preventivos\/paquete-check-up-plus\/\"]}]},{\"@type\":\"BreadcrumbList\",\"@id\":\"https:\/\/laboratoriosanpaulo.com\/perfiles\/perfiles-preventivos\/paquete-check-up-plus\/#breadcrumb\",\"itemListElement\":[{\"@type\":\"ListItem\",\"position\":1,\"name\":\"Portada\",\"item\":\"https:\/\/laboratoriosanpaulo.com\/\"},{\"@type\":\"ListItem\",\"position\":2,\"name\":\"Perfiles\",\"item\":\"https:\/\/laboratoriosanpaulo.com\/perfiles\/\"},{\"@type\":\"ListItem\",\"position\":3,\"name\":\"Perfiles Preventivos\",\"item\":\"https:\/\/laboratoriosanpaulo.com\/perfiles\/perfiles-preventivos\/\"},{\"@type\":\"ListItem\",\"position\":4,\"name\":\"paquete-check-up-plus\"}]},{\"@type\":\"WebSite\",\"@id\":\"https:\/\/laboratoriosanpaulo.com\/#website\",\"url\":\"https:\/\/laboratoriosanpaulo.com\/\",\"name\":\"Laboratorio San Paulo\",\"description\":\"Laboratorio de an\u00e1lisis cl\u00ednicos\",\"publisher\":{\"@id\":\"https:\/\/laboratoriosanpaulo.com\/#organization\"},\"potentialAction\":[{\"@type\":\"SearchAction\",\"target\":{\"@type\":\"EntryPoint\",\"urlTemplate\":\"https:\/\/laboratoriosanpaulo.com\/?s={search_term_string}\"},\"query-input\":\"required name=search_term_string\"}],\"inLanguage\":\"en-US\"},{\"@type\":\"Organization\",\"@id\":\"https:\/\/laboratoriosanpaulo.com\/#organization\",\"name\":\"Laboratorio San Paulo\",\"url\":\"https:\/\/laboratoriosanpaulo.com\/\",\"logo\":{\"@type\":\"ImageObject\",\"inLanguage\":\"en-US\",\"@id\":\"https:\/\/laboratoriosanpaulo.com\/#\/schema\/logo\/image\/\",\"url\":\"https:\/\/i0.wp.com\/laboratoriosanpaulo.com\/wp-content\/uploads\/2021\/01\/1_logo_laboratorio_san_pablo.png?fit=350%2C100&ssl=1\",\"contentUrl\":\"https:\/\/i0.wp.com\/laboratoriosanpaulo.com\/wp-content\/uploads\/2021\/01\/1_logo_laboratorio_san_pablo.png?fit=350%2C100&ssl=1\",\"width\":350,\"height\":100,\"caption\":\"Laboratorio San Paulo\"},\"image\":{\"@id\":\"https:\/\/laboratoriosanpaulo.com\/#\/schema\/logo\/image\/\"},\"sameAs\":[\"https:\/\/www.facebook.com\/laboratoriosanpaulo\",\"https:\/\/www.instagram.com\/laboratoriosanpaulo\"]}]}<\/script>\n<!-- \/ Yoast SEO plugin. -->","yoast_head_json":{"title":"paquete-check-up-plus - Laboratorio San Paulo","robots":{"index":"index","follow":"follow","max-snippet":"max-snippet:-1","max-image-preview":"max-image-preview:large","max-video-preview":"max-video-preview:-1"},"canonical":"https:\/\/laboratoriosanpaulo.com\/en\/perfiles\/perfiles-preventivos\/paquete-check-up-plus\/","og_locale":"en_US","og_type":"article","og_title":"paquete-check-up-plus - Laboratorio San Paulo","og_description":"PAQUETE CHECK UP PLUS Es uno de nuestros paquetes m\u00e1s completos. Proporciona informaci\u00f3n preventiva detallada al evaluar el funcionamiento del h\u00edgado y los ri\u00f1ones, as\u00ed como la salud cardiovascular a trav\u00e9s del an\u00e1lisis de grasas como triglic\u00e9ridos y colesterol. Adem\u00e1s, ofrece datos \u00fatiles para el diagn\u00f3stico o control de la diabetes y la detecci\u00f3n de [&hellip;]","og_url":"https:\/\/laboratoriosanpaulo.com\/en\/perfiles\/perfiles-preventivos\/paquete-check-up-plus\/","og_site_name":"Laboratorio San Paulo","article_publisher":"https:\/\/www.facebook.com\/laboratoriosanpaulo","article_modified_time":"2026-02-28T18:53:19+00:00","og_image":[{"width":767,"height":525,"url":"https:\/\/laboratoriosanpaulo.com\/wp-content\/uploads\/2026\/02\/check-up-plus.png","type":"image\/png"}],"twitter_card":"summary_large_image","twitter_misc":{"Est. reading time":"3 minutes"},"schema":{"@context":"https:\/\/schema.org","@graph":[{"@type":"WebPage","@id":"https:\/\/laboratoriosanpaulo.com\/perfiles\/perfiles-preventivos\/paquete-check-up-plus\/","url":"https:\/\/laboratoriosanpaulo.com\/perfiles\/perfiles-preventivos\/paquete-check-up-plus\/","name":"paquete-check-up-plus - Laboratorio San Paulo","isPartOf":{"@id":"https:\/\/laboratoriosanpaulo.com\/#website"},"datePublished":"2021-04-08T17:01:56+00:00","dateModified":"2026-02-28T18:53:19+00:00","breadcrumb":{"@id":"https:\/\/laboratoriosanpaulo.com\/perfiles\/perfiles-preventivos\/paquete-check-up-plus\/#breadcrumb"},"inLanguage":"en-US","potentialAction":[{"@type":"ReadAction","target":["https:\/\/laboratoriosanpaulo.com\/perfiles\/perfiles-preventivos\/paquete-check-up-plus\/"]}]},{"@type":"BreadcrumbList","@id":"https:\/\/laboratoriosanpaulo.com\/perfiles\/perfiles-preventivos\/paquete-check-up-plus\/#breadcrumb","itemListElement":[{"@type":"ListItem","position":1,"name":"Portada","item":"https:\/\/laboratoriosanpaulo.com\/"},{"@type":"ListItem","position":2,"name":"Perfiles","item":"https:\/\/laboratoriosanpaulo.com\/perfiles\/"},{"@type":"ListItem","position":3,"name":"Perfiles Preventivos","item":"https:\/\/laboratoriosanpaulo.com\/perfiles\/perfiles-preventivos\/"},{"@type":"ListItem","position":4,"name":"paquete-check-up-plus"}]},{"@type":"WebSite","@id":"https:\/\/laboratoriosanpaulo.com\/#website","url":"https:\/\/laboratoriosanpaulo.com\/","name":"Laboratorio San Paulo","description":"Laboratorio de an\u00e1lisis cl\u00ednicos","publisher":{"@id":"https:\/\/laboratoriosanpaulo.com\/#organization"},"potentialAction":[{"@type":"SearchAction","target":{"@type":"EntryPoint","urlTemplate":"https:\/\/laboratoriosanpaulo.com\/?s={search_term_string}"},"query-input":"required name=search_term_string"}],"inLanguage":"en-US"},{"@type":"Organization","@id":"https:\/\/laboratoriosanpaulo.com\/#organization","name":"Laboratorio San Paulo","url":"https:\/\/laboratoriosanpaulo.com\/","logo":{"@type":"ImageObject","inLanguage":"en-US","@id":"https:\/\/laboratoriosanpaulo.com\/#\/schema\/logo\/image\/","url":"https:\/\/i0.wp.com\/laboratoriosanpaulo.com\/wp-content\/uploads\/2021\/01\/1_logo_laboratorio_san_pablo.png?fit=350%2C100&ssl=1","contentUrl":"https:\/\/i0.wp.com\/laboratoriosanpaulo.com\/wp-content\/uploads\/2021\/01\/1_logo_laboratorio_san_pablo.png?fit=350%2C100&ssl=1","width":350,"height":100,"caption":"Laboratorio San Paulo"},"image":{"@id":"https:\/\/laboratoriosanpaulo.com\/#\/schema\/logo\/image\/"},"sameAs":["https:\/\/www.facebook.com\/laboratoriosanpaulo","https:\/\/www.instagram.com\/laboratoriosanpaulo"]}]}},"_links":{"self":[{"href":"https:\/\/laboratoriosanpaulo.com\/en\/wp-json\/wp\/v2\/pages\/1669","targetHints":{"allow":["GET"]}}],"collection":[{"href":"https:\/\/laboratoriosanpaulo.com\/en\/wp-json\/wp\/v2\/pages"}],"about":[{"href":"https:\/\/laboratoriosanpaulo.com\/en\/wp-json\/wp\/v2\/types\/page"}],"author":[{"embeddable":true,"href":"https:\/\/laboratoriosanpaulo.com\/en\/wp-json\/wp\/v2\/users\/1"}],"replies":[{"embeddable":true,"href":"https:\/\/laboratoriosanpaulo.com\/en\/wp-json\/wp\/v2\/comments?post=1669"}],"version-history":[{"count":57,"href":"https:\/\/laboratoriosanpaulo.com\/en\/wp-json\/wp\/v2\/pages\/1669\/revisions"}],"predecessor-version":[{"id":4051,"href":"https:\/\/laboratoriosanpaulo.com\/en\/wp-json\/wp\/v2\/pages\/1669\/revisions\/4051"}],"up":[{"embeddable":true,"href":"https:\/\/laboratoriosanpaulo.com\/en\/wp-json\/wp\/v2\/pages\/1415"}],"wp:featuredmedia":[{"embeddable":true,"href":"https:\/\/laboratoriosanpaulo.com\/en\/wp-json\/wp\/v2\/media\/3946"}],"wp:attachment":[{"href":"https:\/\/laboratoriosanpaulo.com\/en\/wp-json\/wp\/v2\/media?parent=1669"}],"curies":[{"name":"wp","href":"https:\/\/api.w.org\/{rel}","templated":true}]}}