{"id":1718,"date":"2021-04-08T18:04:41","date_gmt":"2021-04-08T18:04:41","guid":{"rendered":"https:\/\/laboratoriosanpaulo.com\/?page_id=1718"},"modified":"2023-01-07T20:47:04","modified_gmt":"2023-01-07T20:47:04","slug":"diabetico","status":"publish","type":"page","link":"https:\/\/laboratoriosanpaulo.com\/en\/perfiles\/perfiles-adulto-mayor\/diabetico\/","title":{"rendered":"Diab\u00e9tico"},"content":{"rendered":"<div data-elementor-type=\"wp-page\" data-elementor-id=\"1718\" class=\"elementor elementor-1718\" data-elementor-settings=\"[]\">\n\t\t\t\t\t\t<div class=\"elementor-inner\">\n\t\t\t\t\t\t\t<div class=\"elementor-section-wrap\">\n\t\t\t\t\t\t\t<section class=\"elementor-section elementor-top-section elementor-element elementor-element-a3cb99d elementor-section-boxed elementor-section-height-default elementor-section-height-default\" data-id=\"a3cb99d\" data-element_type=\"section\">\n\t\t\t\t\t\t<div class=\"elementor-container elementor-column-gap-default\">\n\t\t\t\t\t\t\t<div class=\"elementor-row\">\n\t\t\t\t\t<div class=\"elementor-column elementor-col-50 elementor-top-column elementor-element elementor-element-aaca1be\" data-id=\"aaca1be\" data-element_type=\"column\" data-settings=\"{&quot;background_background&quot;:&quot;classic&quot;}\">\n\t\t\t<div class=\"elementor-column-wrap elementor-element-populated\">\n\t\t\t\t\t\t\t<div class=\"elementor-widget-wrap\">\n\t\t\t\t\t\t<div class=\"elementor-element elementor-element-081c4c3 elementor-widget elementor-widget-heading\" data-id=\"081c4c3\" data-element_type=\"widget\" data-widget_type=\"heading.default\">\n\t\t\t\t<div class=\"elementor-widget-container\">\n\t\t\t<h1 class=\"elementor-heading-title elementor-size-default\">PERFIL DIAB\u00c9TICO<\/h1>\t\t<\/div>\n\t\t\t\t<\/div>\n\t\t\t\t<div class=\"elementor-element elementor-element-6121501 elementor-widget elementor-widget-text-editor\" data-id=\"6121501\" data-element_type=\"widget\" data-widget_type=\"text-editor.default\">\n\t\t\t\t<div class=\"elementor-widget-container\">\n\t\t\t\t\t<div class=\"elementor-text-editor elementor-clearfix\">Detecci\u00f3n oportuna y control de diabetes para un tratamiento correcto, en caso de que el paciente tenga sus valores fuera de rango<\/div>\n\t\t\t\t<\/div>\n\t\t\t\t<\/div>\n\t\t\t\t<div class=\"elementor-element elementor-element-7e5d7d2 elementor-widget elementor-widget-jet-table\" data-id=\"7e5d7d2\" data-element_type=\"widget\" data-widget_type=\"jet-table.default\">\n\t\t\t\t<div class=\"elementor-widget-container\">\n\t\t\t<div class=\"elementor-jet-table jet-elements\">\n\t\t<div class=\"jet-table-wrapper\">\n\t\t\t<table class=\"jet-table jet-table--fa5-compat\">\n\t\t\t\t<thead class=\"jet-table__head\"><tr class=\"jet-table__head-row\"><th class=\"jet-table__cell elementor-repeater-item-31332c2 jet-table__head-cell\" scope=\"col\"><div class=\"jet-table__cell-inner\"><div class=\"jet-table__cell-content\"><span class=\"jet-elements-icon jet-table__cell-icon jet-table__cell-icon--before\"><i aria-hidden=\"true\" class=\"fas fa-vials\"><\/i><\/span><div class=\"jet-table__cell-text\">Listado de Estudios<\/div><\/div><\/div><\/th><\/tr><\/thead>\n\t\t\t\t\t\t\t\t<tbody class=\"jet-table__body\"><td class=\"jet-table__cell elementor-repeater-item-7486fa5 jet-table__body-cell\"><div class=\"jet-table__cell-inner\"><div class=\"jet-table__cell-content\"><div class=\"jet-table__cell-text\">Glucosa<\/div><\/div><\/div><\/td><tr class=\"jet-table__body-row elementor-repeater-item-094346f\"><td class=\"jet-table__cell elementor-repeater-item-96ac5ab jet-table__body-cell\"><div class=\"jet-table__cell-inner\"><div class=\"jet-table__cell-content\"><div class=\"jet-table__cell-text\">Hemoglobina Glicosilada (HbA1c)<\/div><\/div><\/div><\/td><\/tr><tr class=\"jet-table__body-row elementor-repeater-item-9054fc1\"><td class=\"jet-table__cell elementor-repeater-item-5b4824b jet-table__body-cell\"><div class=\"jet-table__cell-inner\"><div class=\"jet-table__cell-content\"><div class=\"jet-table__cell-text\">Examen General de Orina<\/div><\/div><\/div><\/td><\/tr><\/tbody>\n\t\t\t<\/table>\n\t\t<\/div>\n\n\t\t<\/div>\t\t<\/div>\n\t\t\t\t<\/div>\n\t\t\t\t<div class=\"elementor-element elementor-element-5f6f9ee elementor-widget elementor-widget-heading\" data-id=\"5f6f9ee\" data-element_type=\"widget\" data-widget_type=\"heading.default\">\n\t\t\t\t<div class=\"elementor-widget-container\">\n\t\t\t<h2 class=\"elementor-heading-title elementor-size-default\">Proceso para obtenci\u00f3n de muestra<\/h2>\t\t<\/div>\n\t\t\t\t<\/div>\n\t\t\t\t<div class=\"elementor-element elementor-element-7c0baa4 elementor-widget elementor-widget-text-editor\" data-id=\"7c0baa4\" data-element_type=\"widget\" data-widget_type=\"text-editor.default\">\n\t\t\t\t<div class=\"elementor-widget-container\">\n\t\t\t\t\t<div class=\"elementor-text-editor elementor-clearfix\"><p>Para obtener esta muestra se realiza el siguiente proceso<\/p><\/div>\n\t\t\t\t<\/div>\n\t\t\t\t<\/div>\n\t\t\t\t<div class=\"elementor-element elementor-element-aaefabb elementor-widget elementor-widget-text-editor\" data-id=\"aaefabb\" data-element_type=\"widget\" data-widget_type=\"text-editor.default\">\n\t\t\t\t<div class=\"elementor-widget-container\">\n\t\t\t\t\t<div class=\"elementor-text-editor elementor-clearfix\"><ul class=\"default-text-ul\" style=\"margin: 0; padding-left: 40px;\">\n \t<li class=\"default-text\">\u00a0Se realiza toma de muestra sangu\u00ednea<\/li>\n \t<li class=\"default-text\">Se solicita muestra de orina en frasco est\u00e9ril y debe ser entregado antes de 2hrs de su recolecci\u00f3n.<\/li>\n<\/ul><\/div>\n\t\t\t\t<\/div>\n\t\t\t\t<\/div>\n\t\t\t\t<div class=\"elementor-element elementor-element-85ed522 elementor-widget elementor-widget-heading\" data-id=\"85ed522\" data-element_type=\"widget\" data-widget_type=\"heading.default\">\n\t\t\t\t<div class=\"elementor-widget-container\">\n\t\t\t<h2 class=\"elementor-heading-title elementor-size-default\">Requerimientos previos<\/h2>\t\t<\/div>\n\t\t\t\t<\/div>\n\t\t\t\t<div class=\"elementor-element elementor-element-3643273 elementor-widget elementor-widget-text-editor\" data-id=\"3643273\" data-element_type=\"widget\" data-widget_type=\"text-editor.default\">\n\t\t\t\t<div class=\"elementor-widget-container\">\n\t\t\t\t\t<div class=\"elementor-text-editor elementor-clearfix\"><p>Para poder realizar esta prueba es necesario que cubras con los siguientes requisitos:<\/p><\/div>\n\t\t\t\t<\/div>\n\t\t\t\t<\/div>\n\t\t\t\t<div class=\"elementor-element elementor-element-88aad39 elementor-widget elementor-widget-text-editor\" data-id=\"88aad39\" data-element_type=\"widget\" data-widget_type=\"text-editor.default\">\n\t\t\t\t<div class=\"elementor-widget-container\">\n\t\t\t\t\t<div class=\"elementor-text-editor elementor-clearfix\"><ul class=\"default-text-ul\" style=\"margin: 0; padding-left: 40px;\">\n<li class=\"default-text\"><span style=\"color: #8a9099;\">Haber realizado un ayuno de 8 a 12 horas<\/span><\/li>\n<\/ul><\/div>\n\t\t\t\t<\/div>\n\t\t\t\t<\/div>\n\t\t\t\t<div class=\"elementor-element elementor-element-cd44c3a elementor-widget elementor-widget-jet-button\" data-id=\"cd44c3a\" data-element_type=\"widget\" data-widget_type=\"jet-button.default\">\n\t\t\t\t<div class=\"elementor-widget-container\">\n\t\t\t<div class=\"elementor-jet-button jet-elements\"><div class=\"jet-button__container\">\n\t<a class=\"jet-button__instance jet-button__instance--icon-left hover-effect-0\" href=\"https:\/\/api.whatsapp.com\/send?phone=523228884367&#038;text=Quiero%20hacer%20una%20cita%20para%20el%20perfil%20diabetico\">\n\t\t<div class=\"jet-button__plane jet-button__plane-normal\"><\/div>\n\t\t<div class=\"jet-button__plane jet-button__plane-hover\"><\/div>\n\t\t<div class=\"jet-button__state jet-button__state-normal\">\n\t\t\t<span class=\"jet-button__icon jet-elements-icon\"><i aria-hidden=\"true\" class=\"fab fa-whatsapp\"><\/i><\/span><span class=\"jet-button__label\">PROGRAMAR CITA<\/span>\t\t<\/div>\n\t\t<div class=\"jet-button__state jet-button__state-hover\">\n\t\t\t<span class=\"jet-button__icon jet-elements-icon\"><i aria-hidden=\"true\" class=\"fab fa-whatsapp\"><\/i><\/span><span class=\"jet-button__label\">PROGRAMAR CITA<\/span>\t\t<\/div>\n\t<\/a>\n<\/div>\n<\/div>\t\t<\/div>\n\t\t\t\t<\/div>\n\t\t\t\t\t\t<\/div>\n\t\t\t\t\t<\/div>\n\t\t<\/div>\n\t\t\t\t<div class=\"jet-sticky-column elementor-column elementor-col-50 elementor-top-column elementor-element elementor-element-dac12b1\" data-jet-settings=\"{&quot;id&quot;:&quot;dac12b1&quot;,&quot;sticky&quot;:true,&quot;topSpacing&quot;:50,&quot;bottomSpacing&quot;:50,&quot;stickyOn&quot;:[&quot;desktop&quot;,&quot;tablet&quot;]}\" data-id=\"dac12b1\" data-element_type=\"column\">\n\t\t\t<div class=\"elementor-column-wrap elementor-element-populated\">\n\t\t\t\t\t\t\t<div class=\"elementor-widget-wrap\">\n\t\t\t\t\t\t<div class=\"elementor-element elementor-element-95a1bcb gallery-spacing-custom elementor-widget elementor-widget-image-gallery\" data-id=\"95a1bcb\" data-element_type=\"widget\" data-widget_type=\"image-gallery.default\">\n\t\t\t\t<div class=\"elementor-widget-container\">\n\t\t\t\t\t<div class=\"elementor-image-gallery\">\n\t\t\t<div id='gallery-1' class='gallery galleryid-1718 gallery-columns-1 gallery-size-full'><figure class='gallery-item'>\n\t\t\t<div class='gallery-icon landscape'>\n\t\t\t\t<a data-elementor-open-lightbox=\"yes\" data-elementor-lightbox-slideshow=\"95a1bcb\" data-elementor-lightbox-title=\"22-23-diabetes-laboratorio-san-pablo\" href='https:\/\/i0.wp.com\/laboratoriosanpaulo.com\/wp-content\/uploads\/2021\/03\/22-23-diabetes-laboratorio-san-pablo.jpg?ssl=1'><img loading=\"lazy\" decoding=\"async\" width=\"535\" height=\"367\" src=\"https:\/\/i0.wp.com\/laboratoriosanpaulo.com\/wp-content\/uploads\/2021\/03\/22-23-diabetes-laboratorio-san-pablo.jpg?fit=535%2C367&amp;ssl=1\" class=\"attachment-full size-full\" alt=\"\" srcset=\"https:\/\/i0.wp.com\/laboratoriosanpaulo.com\/wp-content\/uploads\/2021\/03\/22-23-diabetes-laboratorio-san-pablo.jpg?w=535&amp;ssl=1 535w, https:\/\/i0.wp.com\/laboratoriosanpaulo.com\/wp-content\/uploads\/2021\/03\/22-23-diabetes-laboratorio-san-pablo.jpg?resize=300%2C206&amp;ssl=1 300w, https:\/\/i0.wp.com\/laboratoriosanpaulo.com\/wp-content\/uploads\/2021\/03\/22-23-diabetes-laboratorio-san-pablo.jpg?resize=370%2C254&amp;ssl=1 370w\" sizes=\"auto, (max-width: 535px) 100vw, 535px\" \/><\/a>\n\t\t\t<\/div><\/figure><figure class='gallery-item'>\n\t\t\t<div class='gallery-icon landscape'>\n\t\t\t\t<a data-elementor-open-lightbox=\"yes\" data-elementor-lightbox-slideshow=\"95a1bcb\" data-elementor-lightbox-title=\"2-galeria-perfiles-laboratorio-san-pablo\" href='https:\/\/i0.wp.com\/laboratoriosanpaulo.com\/wp-content\/uploads\/2021\/04\/2-galeria-perfiles-laboratorio-san-pablo.jpg?ssl=1'><img loading=\"lazy\" decoding=\"async\" width=\"887\" height=\"665\" src=\"https:\/\/i0.wp.com\/laboratoriosanpaulo.com\/wp-content\/uploads\/2021\/04\/2-galeria-perfiles-laboratorio-san-pablo.jpg?fit=887%2C665&amp;ssl=1\" class=\"attachment-full size-full\" alt=\"\" srcset=\"https:\/\/i0.wp.com\/laboratoriosanpaulo.com\/wp-content\/uploads\/2021\/04\/2-galeria-perfiles-laboratorio-san-pablo.jpg?w=887&amp;ssl=1 887w, https:\/\/i0.wp.com\/laboratoriosanpaulo.com\/wp-content\/uploads\/2021\/04\/2-galeria-perfiles-laboratorio-san-pablo.jpg?resize=300%2C225&amp;ssl=1 300w, https:\/\/i0.wp.com\/laboratoriosanpaulo.com\/wp-content\/uploads\/2021\/04\/2-galeria-perfiles-laboratorio-san-pablo.jpg?resize=768%2C576&amp;ssl=1 768w, https:\/\/i0.wp.com\/laboratoriosanpaulo.com\/wp-content\/uploads\/2021\/04\/2-galeria-perfiles-laboratorio-san-pablo.jpg?resize=370%2C277&amp;ssl=1 370w\" sizes=\"auto, (max-width: 887px) 100vw, 887px\" \/><\/a>\n\t\t\t<\/div><\/figure><figure class='gallery-item'>\n\t\t\t<div class='gallery-icon landscape'>\n\t\t\t\t<a data-elementor-open-lightbox=\"yes\" data-elementor-lightbox-slideshow=\"95a1bcb\" data-elementor-lightbox-title=\"9f2a900cd3\" href='https:\/\/i0.wp.com\/laboratoriosanpaulo.com\/wp-content\/uploads\/2023\/01\/9f2a900cd3.jpg?ssl=1'><img loading=\"lazy\" decoding=\"async\" width=\"1000\" height=\"563\" src=\"https:\/\/i0.wp.com\/laboratoriosanpaulo.com\/wp-content\/uploads\/2023\/01\/9f2a900cd3.jpg?fit=1000%2C563&amp;ssl=1\" class=\"attachment-full size-full\" alt=\"\" srcset=\"https:\/\/i0.wp.com\/laboratoriosanpaulo.com\/wp-content\/uploads\/2023\/01\/9f2a900cd3.jpg?w=1000&amp;ssl=1 1000w, https:\/\/i0.wp.com\/laboratoriosanpaulo.com\/wp-content\/uploads\/2023\/01\/9f2a900cd3.jpg?resize=300%2C169&amp;ssl=1 300w, https:\/\/i0.wp.com\/laboratoriosanpaulo.com\/wp-content\/uploads\/2023\/01\/9f2a900cd3.jpg?resize=768%2C432&amp;ssl=1 768w, https:\/\/i0.wp.com\/laboratoriosanpaulo.com\/wp-content\/uploads\/2023\/01\/9f2a900cd3.jpg?resize=16%2C9&amp;ssl=1 16w, https:\/\/i0.wp.com\/laboratoriosanpaulo.com\/wp-content\/uploads\/2023\/01\/9f2a900cd3.jpg?resize=370%2C208&amp;ssl=1 370w\" sizes=\"auto, (max-width: 1000px) 100vw, 1000px\" \/><\/a>\n\t\t\t<\/div><\/figure>\n\t\t<\/div>\n\t\t<\/div>\n\t\t\t\t<\/div>\n\t\t\t\t<\/div>\n\t\t\t\t\t\t<\/div>\n\t\t\t\t\t<\/div>\n\t\t<\/div>\n\t\t\t\t\t\t\t\t<\/div>\n\t\t\t\t\t<\/div>\n\t\t<\/section>\n\t\t\t\t\t\t<\/div>\n\t\t\t\t\t\t<\/div>\n\t\t\t\t\t<\/div>","protected":false},"excerpt":{"rendered":"<p>PERFIL DIAB\u00c9TICO Detecci\u00f3n oportuna y control de diabetes para un tratamiento correcto, en caso de que el paciente tenga sus valores fuera de rango Listado de Estudios Glucosa Hemoglobina Glicosilada (HbA1c) Examen General de Orina Proceso para obtenci\u00f3n de muestra Para obtener esta muestra se realiza el siguiente proceso \u00a0Se realiza toma de muestra sangu\u00ednea [&hellip;]<\/p>","protected":false},"author":1,"featured_media":0,"parent":1413,"menu_order":0,"comment_status":"closed","ping_status":"closed","template":"elementor_header_footer","meta":{"footnotes":""},"class_list":["post-1718","page","type-page","status-publish","hentry","no-thumb"],"yoast_head":"<!-- This site is optimized with the Yoast SEO plugin v20.1 - https:\/\/yoast.com\/wordpress\/plugins\/seo\/ -->\n<title>Diab\u00e9tico - Laboratorio San Paulo<\/title>\n<meta name=\"robots\" content=\"index, follow, max-snippet:-1, max-image-preview:large, max-video-preview:-1\" \/>\n<link rel=\"canonical\" href=\"https:\/\/laboratoriosanpaulo.com\/en\/perfiles\/perfiles-adulto-mayor\/diabetico\/\" \/>\n<meta property=\"og:locale\" content=\"en_US\" \/>\n<meta property=\"og:type\" content=\"article\" \/>\n<meta property=\"og:title\" content=\"Diab\u00e9tico - Laboratorio San Paulo\" \/>\n<meta property=\"og:description\" content=\"PERFIL DIAB\u00c9TICO Detecci\u00f3n oportuna y control de diabetes para un tratamiento correcto, en caso de que el paciente tenga sus valores fuera de rango Listado de Estudios Glucosa Hemoglobina Glicosilada (HbA1c) Examen General de Orina Proceso para obtenci\u00f3n de muestra Para obtener esta muestra se realiza el siguiente proceso \u00a0Se realiza toma de muestra sangu\u00ednea [&hellip;]\" \/>\n<meta property=\"og:url\" content=\"https:\/\/laboratoriosanpaulo.com\/en\/perfiles\/perfiles-adulto-mayor\/diabetico\/\" \/>\n<meta property=\"og:site_name\" content=\"Laboratorio San Paulo\" \/>\n<meta property=\"article:publisher\" content=\"https:\/\/www.facebook.com\/laboratoriosanpaulo\" \/>\n<meta property=\"article:modified_time\" content=\"2023-01-07T20:47:04+00:00\" \/>\n<meta property=\"og:image\" content=\"https:\/\/laboratoriosanpaulo.com\/wp-content\/uploads\/2021\/03\/22-23-diabetes-laboratorio-san-pablo.jpg\" \/>\n<meta name=\"twitter:card\" content=\"summary_large_image\" \/>\n<meta name=\"twitter:label1\" content=\"Est. reading time\" \/>\n\t<meta name=\"twitter:data1\" content=\"2 minutes\" \/>\n<script type=\"application\/ld+json\" class=\"yoast-schema-graph\">{\"@context\":\"https:\/\/schema.org\",\"@graph\":[{\"@type\":\"WebPage\",\"@id\":\"https:\/\/laboratoriosanpaulo.com\/perfiles\/perfiles-adulto-mayor\/diabetico\/\",\"url\":\"https:\/\/laboratoriosanpaulo.com\/perfiles\/perfiles-adulto-mayor\/diabetico\/\",\"name\":\"Diab\u00e9tico - Laboratorio San Paulo\",\"isPartOf\":{\"@id\":\"https:\/\/laboratoriosanpaulo.com\/#website\"},\"datePublished\":\"2021-04-08T18:04:41+00:00\",\"dateModified\":\"2023-01-07T20:47:04+00:00\",\"breadcrumb\":{\"@id\":\"https:\/\/laboratoriosanpaulo.com\/perfiles\/perfiles-adulto-mayor\/diabetico\/#breadcrumb\"},\"inLanguage\":\"en-US\",\"potentialAction\":[{\"@type\":\"ReadAction\",\"target\":[\"https:\/\/laboratoriosanpaulo.com\/perfiles\/perfiles-adulto-mayor\/diabetico\/\"]}]},{\"@type\":\"BreadcrumbList\",\"@id\":\"https:\/\/laboratoriosanpaulo.com\/perfiles\/perfiles-adulto-mayor\/diabetico\/#breadcrumb\",\"itemListElement\":[{\"@type\":\"ListItem\",\"position\":1,\"name\":\"Portada\",\"item\":\"https:\/\/laboratoriosanpaulo.com\/\"},{\"@type\":\"ListItem\",\"position\":2,\"name\":\"Perfiles\",\"item\":\"https:\/\/laboratoriosanpaulo.com\/perfiles\/\"},{\"@type\":\"ListItem\",\"position\":3,\"name\":\"Perfiles Adulto Mayor\",\"item\":\"https:\/\/laboratoriosanpaulo.com\/perfiles\/perfiles-adulto-mayor\/\"},{\"@type\":\"ListItem\",\"position\":4,\"name\":\"Diab\u00e9tico\"}]},{\"@type\":\"WebSite\",\"@id\":\"https:\/\/laboratoriosanpaulo.com\/#website\",\"url\":\"https:\/\/laboratoriosanpaulo.com\/\",\"name\":\"Laboratorio San Paulo\",\"description\":\"Laboratorio de an\u00e1lisis cl\u00ednicos\",\"publisher\":{\"@id\":\"https:\/\/laboratoriosanpaulo.com\/#organization\"},\"potentialAction\":[{\"@type\":\"SearchAction\",\"target\":{\"@type\":\"EntryPoint\",\"urlTemplate\":\"https:\/\/laboratoriosanpaulo.com\/?s={search_term_string}\"},\"query-input\":\"required name=search_term_string\"}],\"inLanguage\":\"en-US\"},{\"@type\":\"Organization\",\"@id\":\"https:\/\/laboratoriosanpaulo.com\/#organization\",\"name\":\"Laboratorio San Paulo\",\"url\":\"https:\/\/laboratoriosanpaulo.com\/\",\"logo\":{\"@type\":\"ImageObject\",\"inLanguage\":\"en-US\",\"@id\":\"https:\/\/laboratoriosanpaulo.com\/#\/schema\/logo\/image\/\",\"url\":\"https:\/\/i0.wp.com\/laboratoriosanpaulo.com\/wp-content\/uploads\/2021\/01\/1_logo_laboratorio_san_pablo.png?fit=350%2C100&ssl=1\",\"contentUrl\":\"https:\/\/i0.wp.com\/laboratoriosanpaulo.com\/wp-content\/uploads\/2021\/01\/1_logo_laboratorio_san_pablo.png?fit=350%2C100&ssl=1\",\"width\":350,\"height\":100,\"caption\":\"Laboratorio San Paulo\"},\"image\":{\"@id\":\"https:\/\/laboratoriosanpaulo.com\/#\/schema\/logo\/image\/\"},\"sameAs\":[\"https:\/\/www.facebook.com\/laboratoriosanpaulo\",\"https:\/\/www.instagram.com\/laboratoriosanpaulo\"]}]}<\/script>\n<!-- \/ Yoast SEO plugin. -->","yoast_head_json":{"title":"Diab\u00e9tico - Laboratorio San Paulo","robots":{"index":"index","follow":"follow","max-snippet":"max-snippet:-1","max-image-preview":"max-image-preview:large","max-video-preview":"max-video-preview:-1"},"canonical":"https:\/\/laboratoriosanpaulo.com\/en\/perfiles\/perfiles-adulto-mayor\/diabetico\/","og_locale":"en_US","og_type":"article","og_title":"Diab\u00e9tico - Laboratorio San Paulo","og_description":"PERFIL DIAB\u00c9TICO Detecci\u00f3n oportuna y control de diabetes para un tratamiento correcto, en caso de que el paciente tenga sus valores fuera de rango Listado de Estudios Glucosa Hemoglobina Glicosilada (HbA1c) Examen General de Orina Proceso para obtenci\u00f3n de muestra Para obtener esta muestra se realiza el siguiente proceso \u00a0Se realiza toma de muestra sangu\u00ednea [&hellip;]","og_url":"https:\/\/laboratoriosanpaulo.com\/en\/perfiles\/perfiles-adulto-mayor\/diabetico\/","og_site_name":"Laboratorio San Paulo","article_publisher":"https:\/\/www.facebook.com\/laboratoriosanpaulo","article_modified_time":"2023-01-07T20:47:04+00:00","og_image":[{"url":"https:\/\/laboratoriosanpaulo.com\/wp-content\/uploads\/2021\/03\/22-23-diabetes-laboratorio-san-pablo.jpg"}],"twitter_card":"summary_large_image","twitter_misc":{"Est. reading time":"2 minutes"},"schema":{"@context":"https:\/\/schema.org","@graph":[{"@type":"WebPage","@id":"https:\/\/laboratoriosanpaulo.com\/perfiles\/perfiles-adulto-mayor\/diabetico\/","url":"https:\/\/laboratoriosanpaulo.com\/perfiles\/perfiles-adulto-mayor\/diabetico\/","name":"Diab\u00e9tico - Laboratorio San Paulo","isPartOf":{"@id":"https:\/\/laboratoriosanpaulo.com\/#website"},"datePublished":"2021-04-08T18:04:41+00:00","dateModified":"2023-01-07T20:47:04+00:00","breadcrumb":{"@id":"https:\/\/laboratoriosanpaulo.com\/perfiles\/perfiles-adulto-mayor\/diabetico\/#breadcrumb"},"inLanguage":"en-US","potentialAction":[{"@type":"ReadAction","target":["https:\/\/laboratoriosanpaulo.com\/perfiles\/perfiles-adulto-mayor\/diabetico\/"]}]},{"@type":"BreadcrumbList","@id":"https:\/\/laboratoriosanpaulo.com\/perfiles\/perfiles-adulto-mayor\/diabetico\/#breadcrumb","itemListElement":[{"@type":"ListItem","position":1,"name":"Portada","item":"https:\/\/laboratoriosanpaulo.com\/"},{"@type":"ListItem","position":2,"name":"Perfiles","item":"https:\/\/laboratoriosanpaulo.com\/perfiles\/"},{"@type":"ListItem","position":3,"name":"Perfiles Adulto Mayor","item":"https:\/\/laboratoriosanpaulo.com\/perfiles\/perfiles-adulto-mayor\/"},{"@type":"ListItem","position":4,"name":"Diab\u00e9tico"}]},{"@type":"WebSite","@id":"https:\/\/laboratoriosanpaulo.com\/#website","url":"https:\/\/laboratoriosanpaulo.com\/","name":"Laboratorio San Paulo","description":"Laboratorio de an\u00e1lisis cl\u00ednicos","publisher":{"@id":"https:\/\/laboratoriosanpaulo.com\/#organization"},"potentialAction":[{"@type":"SearchAction","target":{"@type":"EntryPoint","urlTemplate":"https:\/\/laboratoriosanpaulo.com\/?s={search_term_string}"},"query-input":"required name=search_term_string"}],"inLanguage":"en-US"},{"@type":"Organization","@id":"https:\/\/laboratoriosanpaulo.com\/#organization","name":"Laboratorio San Paulo","url":"https:\/\/laboratoriosanpaulo.com\/","logo":{"@type":"ImageObject","inLanguage":"en-US","@id":"https:\/\/laboratoriosanpaulo.com\/#\/schema\/logo\/image\/","url":"https:\/\/i0.wp.com\/laboratoriosanpaulo.com\/wp-content\/uploads\/2021\/01\/1_logo_laboratorio_san_pablo.png?fit=350%2C100&ssl=1","contentUrl":"https:\/\/i0.wp.com\/laboratoriosanpaulo.com\/wp-content\/uploads\/2021\/01\/1_logo_laboratorio_san_pablo.png?fit=350%2C100&ssl=1","width":350,"height":100,"caption":"Laboratorio San Paulo"},"image":{"@id":"https:\/\/laboratoriosanpaulo.com\/#\/schema\/logo\/image\/"},"sameAs":["https:\/\/www.facebook.com\/laboratoriosanpaulo","https:\/\/www.instagram.com\/laboratoriosanpaulo"]}]}},"_links":{"self":[{"href":"https:\/\/laboratoriosanpaulo.com\/en\/wp-json\/wp\/v2\/pages\/1718","targetHints":{"allow":["GET"]}}],"collection":[{"href":"https:\/\/laboratoriosanpaulo.com\/en\/wp-json\/wp\/v2\/pages"}],"about":[{"href":"https:\/\/laboratoriosanpaulo.com\/en\/wp-json\/wp\/v2\/types\/page"}],"author":[{"embeddable":true,"href":"https:\/\/laboratoriosanpaulo.com\/en\/wp-json\/wp\/v2\/users\/1"}],"replies":[{"embeddable":true,"href":"https:\/\/laboratoriosanpaulo.com\/en\/wp-json\/wp\/v2\/comments?post=1718"}],"version-history":[{"count":16,"href":"https:\/\/laboratoriosanpaulo.com\/en\/wp-json\/wp\/v2\/pages\/1718\/revisions"}],"predecessor-version":[{"id":3190,"href":"https:\/\/laboratoriosanpaulo.com\/en\/wp-json\/wp\/v2\/pages\/1718\/revisions\/3190"}],"up":[{"embeddable":true,"href":"https:\/\/laboratoriosanpaulo.com\/en\/wp-json\/wp\/v2\/pages\/1413"}],"wp:attachment":[{"href":"https:\/\/laboratoriosanpaulo.com\/en\/wp-json\/wp\/v2\/media?parent=1718"}],"curies":[{"name":"wp","href":"https:\/\/api.w.org\/{rel}","templated":true}]}}