{"id":1909,"date":"2021-04-08T21:09:39","date_gmt":"2021-04-08T21:09:39","guid":{"rendered":"https:\/\/laboratoriosanpaulo.com\/?page_id=1909"},"modified":"2026-02-16T17:14:26","modified_gmt":"2026-02-16T17:14:26","slug":"femenino","status":"publish","type":"page","link":"https:\/\/laboratoriosanpaulo.com\/en\/perfiles\/perfiles-femeninos\/femenino\/","title":{"rendered":"femenino"},"content":{"rendered":"<div data-elementor-type=\"wp-page\" data-elementor-id=\"1909\" class=\"elementor elementor-1909\" data-elementor-settings=\"[]\">\n\t\t\t\t\t\t<div class=\"elementor-inner\">\n\t\t\t\t\t\t\t<div class=\"elementor-section-wrap\">\n\t\t\t\t\t\t\t<section class=\"elementor-section elementor-top-section elementor-element elementor-element-a3cb99d elementor-section-boxed elementor-section-height-default elementor-section-height-default\" data-id=\"a3cb99d\" data-element_type=\"section\">\n\t\t\t\t\t\t<div class=\"elementor-container elementor-column-gap-default\">\n\t\t\t\t\t\t\t<div class=\"elementor-row\">\n\t\t\t\t\t<div class=\"elementor-column elementor-col-50 elementor-top-column elementor-element elementor-element-aaca1be\" data-id=\"aaca1be\" data-element_type=\"column\" data-settings=\"{&quot;background_background&quot;:&quot;classic&quot;}\">\n\t\t\t<div class=\"elementor-column-wrap elementor-element-populated\">\n\t\t\t\t\t\t\t<div class=\"elementor-widget-wrap\">\n\t\t\t\t\t\t<div class=\"elementor-element elementor-element-081c4c3 elementor-widget elementor-widget-heading\" data-id=\"081c4c3\" data-element_type=\"widget\" data-widget_type=\"heading.default\">\n\t\t\t\t<div class=\"elementor-widget-container\">\n\t\t\t<h1 class=\"elementor-heading-title elementor-size-default\">PAQUETE FEMENINO INTEGRAL<\/h1>\t\t<\/div>\n\t\t\t\t<\/div>\n\t\t\t\t<div class=\"elementor-element elementor-element-6121501 elementor-widget elementor-widget-text-editor\" data-id=\"6121501\" data-element_type=\"widget\" data-widget_type=\"text-editor.default\">\n\t\t\t\t<div class=\"elementor-widget-container\">\n\t\t\t\t\t<div class=\"elementor-text-editor elementor-clearfix\"><p>Es un check up completo dise\u00f1ado para evaluar tu estado de salud general y el equilibrio hormonal, ayudando a detectar a tiempo alteraciones relacionadas con metabolismo, tiroides, colesterol, funci\u00f3n renal y salud urinaria. Ideal como revisi\u00f3n preventiva o cuando hay cambios en el ciclo, cansancio o desajustes hormonales.<\/p><\/div>\n\t\t\t\t<\/div>\n\t\t\t\t<\/div>\n\t\t\t\t<div class=\"elementor-element elementor-element-7e5d7d2 elementor-widget elementor-widget-jet-table\" data-id=\"7e5d7d2\" data-element_type=\"widget\" data-widget_type=\"jet-table.default\">\n\t\t\t\t<div class=\"elementor-widget-container\">\n\t\t\t<div class=\"elementor-jet-table jet-elements\">\n\t\t<div class=\"jet-table-wrapper\">\n\t\t\t<table class=\"jet-table jet-table--fa5-compat\">\n\t\t\t\t<thead class=\"jet-table__head\"><tr class=\"jet-table__head-row\"><th class=\"jet-table__cell elementor-repeater-item-31332c2 jet-table__head-cell\" scope=\"col\"><div class=\"jet-table__cell-inner\"><div class=\"jet-table__cell-content\"><span class=\"jet-elements-icon jet-table__cell-icon jet-table__cell-icon--before\"><i aria-hidden=\"true\" class=\"fas fa-vials\"><\/i><\/span><div class=\"jet-table__cell-text\">Listado de Estudios<\/div><\/div><\/div><\/th><\/tr><\/thead>\n\t\t\t\t\t\t\t\t<tbody class=\"jet-table__body\"><td class=\"jet-table__cell elementor-repeater-item-7486fa5 jet-table__body-cell\"><div class=\"jet-table__cell-inner\"><div class=\"jet-table__cell-content\"><div class=\"jet-table__cell-text\">Biometria Hematica \n<br>\nProlactina <br>\nProgesterona <br>\nEstradiol <br>\nExamen General de Orina \n<br>\n<br>\nQu\u00edmica sangu\u00ednea de 4 elementos <br>\n\u2022\tGlucosa <br>\n\u2022\tUrea <br>\n\u2022\tCreatinina <br>\n\u2022\tAcido \u00farico <br>\n<br>\nPerfil de lipidos <br>\n\n\u2022\tTriglic\u00e9ridos <br>\n\u2022\tColesterol Total <br>\n\u2022\tColesterol HDL <br>\n\u2022\tColesterol LDL <br>\n\u2022\tColesterol VLDL <br>\n\u2022\tL\u00edpidos totales <br>\n\u2022\t\u00cdndice alerg\u00e9nico <br>\n<br>\nPerfil Tiroideo Basico <br>\n\u2022\tHormona Estimulante de Tiroides (TSH) <br>\n\u2022\tTriyodotironina Libre (T3 Libre) <br>\n\u2022\tTiroxina Libre (T4 Libre) <br>\n<br>\n<\/div><\/div><\/div><\/td><tr class=\"jet-table__body-row elementor-repeater-item-094346f\"><\/tr><\/tbody>\n\t\t\t<\/table>\n\t\t<\/div>\n\n\t\t<\/div>\t\t<\/div>\n\t\t\t\t<\/div>\n\t\t\t\t<div class=\"elementor-element elementor-element-461243f elementor-widget elementor-widget-heading\" data-id=\"461243f\" data-element_type=\"widget\" data-widget_type=\"heading.default\">\n\t\t\t\t<div class=\"elementor-widget-container\">\n\t\t\t<h2 class=\"elementor-heading-title elementor-size-default\"><h2 class=\"elementor-heading-title elementor-size-default\" style=\"letter-spacing: normal; white-space-collapse: collapse;\">Indicaciones y requerimientos previos para obtenci\u00f3n de muestras<\/h2><\/h2>\t\t<\/div>\n\t\t\t\t<\/div>\n\t\t\t\t<div class=\"elementor-element elementor-element-43066af elementor-widget elementor-widget-text-editor\" data-id=\"43066af\" data-element_type=\"widget\" data-widget_type=\"text-editor.default\">\n\t\t\t\t<div class=\"elementor-widget-container\">\n\t\t\t\t\t<div class=\"elementor-text-editor elementor-clearfix\"><ul class=\"default-text-ul\" style=\"margin: 0; padding-left: 40px;\"><li class=\"default-text\"><strong>Muestra de sangre<\/strong>:<\/li><\/ul><p>Ayuno m\u00ednimo de 8 horas y m\u00e1ximo de 12 horas para muestra sangu\u00edneas.<\/p><ul class=\"default-text-ul\" style=\"margin: 0; padding-left: 40px;\"><li class=\"default-text\"><p><strong>Muestra de orina:<\/strong><\/p><\/li><\/ul><p>Para resultados confiables, debe recolectar la primera orina del d\u00eda.<\/p><p>El tiempo de traslado de la muestra no debe ser mayor a 30 minutos. <br \/>En caso de que el tiempo de traslado sea mayor a 30 minutos, debe mantener la muestra en refrigeraci\u00f3n.<\/p><p style=\"text-align: center;\"><strong>INDICACIONES<\/strong><\/p><p>1.- Debe lavarse las manos con agua y jab\u00f3n antes de iniciar el procedimiento.<br \/>2.- Debe separar los labios vaginales y limpiar el orificio de preferencia con una gasa limpia o papel que no libere residuos. IMPORTANTE: Realizar el aseo de adelante hacia atr\u00e1s, sin regresar para NO contaminar la muestra.<br \/>3.- Debe desechar la primera micci\u00f3n (primer chorro de orina) dentro de la taza del ba\u00f1o.<br \/>4.- Debe recolectar el chorro medio de la orina en el FRASCO ESTERIL (No frascos reciclados o de pl\u00e1stico lavados).<br \/>5.- Debe rotular la muestra con su nombre y entregar la muestra al laboratorio en NO m\u00e1s de 30 minutos despu\u00e9s de haberla recolectado.<\/p><\/div>\n\t\t\t\t<\/div>\n\t\t\t\t<\/div>\n\t\t\t\t<div class=\"elementor-element elementor-element-cd44c3a elementor-widget elementor-widget-jet-button\" data-id=\"cd44c3a\" data-element_type=\"widget\" data-widget_type=\"jet-button.default\">\n\t\t\t\t<div class=\"elementor-widget-container\">\n\t\t\t<div class=\"elementor-jet-button jet-elements\"><div class=\"jet-button__container\">\n\t<a class=\"jet-button__instance jet-button__instance--icon-left hover-effect-0\" href=\"https:\/\/api.whatsapp.com\/send?phone=523228884367&#038;text=Quiero%20hacer%20una%20cita%20para%20el%20perfil%20femenino\">\n\t\t<div class=\"jet-button__plane jet-button__plane-normal\"><\/div>\n\t\t<div class=\"jet-button__plane jet-button__plane-hover\"><\/div>\n\t\t<div class=\"jet-button__state jet-button__state-normal\">\n\t\t\t<span class=\"jet-button__icon jet-elements-icon\"><i aria-hidden=\"true\" class=\"fab fa-whatsapp\"><\/i><\/span><span class=\"jet-button__label\">PROGRAMAR CITA<\/span>\t\t<\/div>\n\t\t<div class=\"jet-button__state jet-button__state-hover\">\n\t\t\t<span class=\"jet-button__icon jet-elements-icon\"><i aria-hidden=\"true\" class=\"fab fa-whatsapp\"><\/i><\/span><span class=\"jet-button__label\">PROGRAMAR CITA<\/span>\t\t<\/div>\n\t<\/a>\n<\/div>\n<\/div>\t\t<\/div>\n\t\t\t\t<\/div>\n\t\t\t\t\t\t<\/div>\n\t\t\t\t\t<\/div>\n\t\t<\/div>\n\t\t\t\t<div class=\"jet-sticky-column elementor-column elementor-col-50 elementor-top-column elementor-element elementor-element-dac12b1\" data-jet-settings=\"{&quot;id&quot;:&quot;dac12b1&quot;,&quot;sticky&quot;:true,&quot;topSpacing&quot;:50,&quot;bottomSpacing&quot;:50,&quot;stickyOn&quot;:[&quot;desktop&quot;,&quot;tablet&quot;]}\" data-id=\"dac12b1\" data-element_type=\"column\">\n\t\t\t<div class=\"elementor-column-wrap elementor-element-populated\">\n\t\t\t\t\t\t\t<div class=\"elementor-widget-wrap\">\n\t\t\t\t\t\t<div class=\"elementor-element elementor-element-95a1bcb gallery-spacing-custom elementor-widget elementor-widget-image-gallery\" data-id=\"95a1bcb\" data-element_type=\"widget\" data-widget_type=\"image-gallery.default\">\n\t\t\t\t<div class=\"elementor-widget-container\">\n\t\t\t\t\t<div class=\"elementor-image-gallery\">\n\t\t\t<div id='gallery-1' class='gallery galleryid-1909 gallery-columns-1 gallery-size-full'><figure class='gallery-item'>\n\t\t\t<div class='gallery-icon landscape'>\n\t\t\t\t<a data-elementor-open-lightbox=\"yes\" data-elementor-lightbox-slideshow=\"95a1bcb\" data-elementor-lightbox-title=\"18-perfil-femenino-laboratorio-san-pablo\" href='https:\/\/i0.wp.com\/laboratoriosanpaulo.com\/wp-content\/uploads\/2021\/03\/18-perfil-femenino-laboratorio-san-pablo.jpg?ssl=1'><img loading=\"lazy\" decoding=\"async\" width=\"535\" height=\"367\" src=\"https:\/\/i0.wp.com\/laboratoriosanpaulo.com\/wp-content\/uploads\/2021\/03\/18-perfil-femenino-laboratorio-san-pablo.jpg?fit=535%2C367&amp;ssl=1\" class=\"attachment-full size-full\" alt=\"\" srcset=\"https:\/\/i0.wp.com\/laboratoriosanpaulo.com\/wp-content\/uploads\/2021\/03\/18-perfil-femenino-laboratorio-san-pablo.jpg?w=535&amp;ssl=1 535w, https:\/\/i0.wp.com\/laboratoriosanpaulo.com\/wp-content\/uploads\/2021\/03\/18-perfil-femenino-laboratorio-san-pablo.jpg?resize=300%2C206&amp;ssl=1 300w, https:\/\/i0.wp.com\/laboratoriosanpaulo.com\/wp-content\/uploads\/2021\/03\/18-perfil-femenino-laboratorio-san-pablo.jpg?resize=370%2C254&amp;ssl=1 370w\" sizes=\"auto, (max-width: 535px) 100vw, 535px\" \/><\/a>\n\t\t\t<\/div><\/figure><figure class='gallery-item'>\n\t\t\t<div class='gallery-icon landscape'>\n\t\t\t\t<a data-elementor-open-lightbox=\"yes\" data-elementor-lightbox-slideshow=\"95a1bcb\" data-elementor-lightbox-title=\"5-galeria-perfiles-laboratorio-san-pablo\" href='https:\/\/i0.wp.com\/laboratoriosanpaulo.com\/wp-content\/uploads\/2021\/04\/5-galeria-perfiles-laboratorio-san-pablo.jpg?ssl=1'><img loading=\"lazy\" decoding=\"async\" width=\"887\" height=\"665\" src=\"https:\/\/i0.wp.com\/laboratoriosanpaulo.com\/wp-content\/uploads\/2021\/04\/5-galeria-perfiles-laboratorio-san-pablo.jpg?fit=887%2C665&amp;ssl=1\" class=\"attachment-full size-full\" alt=\"\" srcset=\"https:\/\/i0.wp.com\/laboratoriosanpaulo.com\/wp-content\/uploads\/2021\/04\/5-galeria-perfiles-laboratorio-san-pablo.jpg?w=887&amp;ssl=1 887w, https:\/\/i0.wp.com\/laboratoriosanpaulo.com\/wp-content\/uploads\/2021\/04\/5-galeria-perfiles-laboratorio-san-pablo.jpg?resize=300%2C225&amp;ssl=1 300w, https:\/\/i0.wp.com\/laboratoriosanpaulo.com\/wp-content\/uploads\/2021\/04\/5-galeria-perfiles-laboratorio-san-pablo.jpg?resize=768%2C576&amp;ssl=1 768w, https:\/\/i0.wp.com\/laboratoriosanpaulo.com\/wp-content\/uploads\/2021\/04\/5-galeria-perfiles-laboratorio-san-pablo.jpg?resize=370%2C277&amp;ssl=1 370w\" sizes=\"auto, (max-width: 887px) 100vw, 887px\" \/><\/a>\n\t\t\t<\/div><\/figure><figure class='gallery-item'>\n\t\t\t<div class='gallery-icon landscape'>\n\t\t\t\t<a data-elementor-open-lightbox=\"yes\" data-elementor-lightbox-slideshow=\"95a1bcb\" data-elementor-lightbox-title=\"3-galeria-perfiles-laboratorio-san-pablo\" href='https:\/\/i0.wp.com\/laboratoriosanpaulo.com\/wp-content\/uploads\/2021\/04\/3-galeria-perfiles-laboratorio-san-pablo.jpg?ssl=1'><img loading=\"lazy\" decoding=\"async\" width=\"887\" height=\"665\" src=\"https:\/\/i0.wp.com\/laboratoriosanpaulo.com\/wp-content\/uploads\/2021\/04\/3-galeria-perfiles-laboratorio-san-pablo.jpg?fit=887%2C665&amp;ssl=1\" class=\"attachment-full size-full\" alt=\"\" srcset=\"https:\/\/i0.wp.com\/laboratoriosanpaulo.com\/wp-content\/uploads\/2021\/04\/3-galeria-perfiles-laboratorio-san-pablo.jpg?w=887&amp;ssl=1 887w, https:\/\/i0.wp.com\/laboratoriosanpaulo.com\/wp-content\/uploads\/2021\/04\/3-galeria-perfiles-laboratorio-san-pablo.jpg?resize=300%2C225&amp;ssl=1 300w, https:\/\/i0.wp.com\/laboratoriosanpaulo.com\/wp-content\/uploads\/2021\/04\/3-galeria-perfiles-laboratorio-san-pablo.jpg?resize=768%2C576&amp;ssl=1 768w, https:\/\/i0.wp.com\/laboratoriosanpaulo.com\/wp-content\/uploads\/2021\/04\/3-galeria-perfiles-laboratorio-san-pablo.jpg?resize=370%2C277&amp;ssl=1 370w\" sizes=\"auto, (max-width: 887px) 100vw, 887px\" \/><\/a>\n\t\t\t<\/div><\/figure>\n\t\t<\/div>\n\t\t<\/div>\n\t\t\t\t<\/div>\n\t\t\t\t<\/div>\n\t\t\t\t\t\t<\/div>\n\t\t\t\t\t<\/div>\n\t\t<\/div>\n\t\t\t\t\t\t\t\t<\/div>\n\t\t\t\t\t<\/div>\n\t\t<\/section>\n\t\t\t\t\t\t<\/div>\n\t\t\t\t\t\t<\/div>\n\t\t\t\t\t<\/div>","protected":false},"excerpt":{"rendered":"<p>PAQUETE FEMENINO INTEGRAL Es un check up completo dise\u00f1ado para evaluar tu estado de salud general y el equilibrio hormonal, ayudando a detectar a tiempo alteraciones relacionadas con metabolismo, tiroides, colesterol, funci\u00f3n renal y salud urinaria. Ideal como revisi\u00f3n preventiva o cuando hay cambios en el ciclo, cansancio o desajustes hormonales. Listado de Estudios Biometria [&hellip;]<\/p>","protected":false},"author":1,"featured_media":0,"parent":1407,"menu_order":0,"comment_status":"closed","ping_status":"closed","template":"elementor_header_footer","meta":{"footnotes":""},"class_list":["post-1909","page","type-page","status-publish","hentry","no-thumb"],"yoast_head":"<!-- This site is optimized with the Yoast SEO plugin v20.1 - https:\/\/yoast.com\/wordpress\/plugins\/seo\/ -->\n<title>femenino - Laboratorio San Paulo<\/title>\n<meta name=\"robots\" content=\"index, follow, max-snippet:-1, max-image-preview:large, max-video-preview:-1\" \/>\n<link rel=\"canonical\" href=\"https:\/\/laboratoriosanpaulo.com\/en\/perfiles\/perfiles-femeninos\/femenino\/\" \/>\n<meta property=\"og:locale\" content=\"en_US\" \/>\n<meta property=\"og:type\" content=\"article\" \/>\n<meta property=\"og:title\" content=\"femenino - Laboratorio San Paulo\" \/>\n<meta property=\"og:description\" content=\"PAQUETE FEMENINO INTEGRAL Es un check up completo dise\u00f1ado para evaluar tu estado de salud general y el equilibrio hormonal, ayudando a detectar a tiempo alteraciones relacionadas con metabolismo, tiroides, colesterol, funci\u00f3n renal y salud urinaria. Ideal como revisi\u00f3n preventiva o cuando hay cambios en el ciclo, cansancio o desajustes hormonales. Listado de Estudios Biometria [&hellip;]\" \/>\n<meta property=\"og:url\" content=\"https:\/\/laboratoriosanpaulo.com\/en\/perfiles\/perfiles-femeninos\/femenino\/\" \/>\n<meta property=\"og:site_name\" content=\"Laboratorio San Paulo\" \/>\n<meta property=\"article:publisher\" content=\"https:\/\/www.facebook.com\/laboratoriosanpaulo\" \/>\n<meta property=\"article:modified_time\" content=\"2026-02-16T17:14:26+00:00\" \/>\n<meta property=\"og:image\" content=\"https:\/\/laboratoriosanpaulo.com\/wp-content\/uploads\/2021\/03\/18-perfil-femenino-laboratorio-san-pablo.jpg\" \/>\n<meta name=\"twitter:card\" content=\"summary_large_image\" \/>\n<meta name=\"twitter:label1\" content=\"Est. reading time\" \/>\n\t<meta name=\"twitter:data1\" content=\"2 minutes\" \/>\n<script type=\"application\/ld+json\" class=\"yoast-schema-graph\">{\"@context\":\"https:\/\/schema.org\",\"@graph\":[{\"@type\":\"WebPage\",\"@id\":\"https:\/\/laboratoriosanpaulo.com\/perfiles\/perfiles-femeninos\/femenino\/\",\"url\":\"https:\/\/laboratoriosanpaulo.com\/perfiles\/perfiles-femeninos\/femenino\/\",\"name\":\"femenino - Laboratorio San Paulo\",\"isPartOf\":{\"@id\":\"https:\/\/laboratoriosanpaulo.com\/#website\"},\"datePublished\":\"2021-04-08T21:09:39+00:00\",\"dateModified\":\"2026-02-16T17:14:26+00:00\",\"breadcrumb\":{\"@id\":\"https:\/\/laboratoriosanpaulo.com\/perfiles\/perfiles-femeninos\/femenino\/#breadcrumb\"},\"inLanguage\":\"en-US\",\"potentialAction\":[{\"@type\":\"ReadAction\",\"target\":[\"https:\/\/laboratoriosanpaulo.com\/perfiles\/perfiles-femeninos\/femenino\/\"]}]},{\"@type\":\"BreadcrumbList\",\"@id\":\"https:\/\/laboratoriosanpaulo.com\/perfiles\/perfiles-femeninos\/femenino\/#breadcrumb\",\"itemListElement\":[{\"@type\":\"ListItem\",\"position\":1,\"name\":\"Portada\",\"item\":\"https:\/\/laboratoriosanpaulo.com\/\"},{\"@type\":\"ListItem\",\"position\":2,\"name\":\"Perfiles\",\"item\":\"https:\/\/laboratoriosanpaulo.com\/perfiles\/\"},{\"@type\":\"ListItem\",\"position\":3,\"name\":\"Perfiles Femeninos\",\"item\":\"https:\/\/laboratoriosanpaulo.com\/perfiles\/perfiles-femeninos\/\"},{\"@type\":\"ListItem\",\"position\":4,\"name\":\"femenino\"}]},{\"@type\":\"WebSite\",\"@id\":\"https:\/\/laboratoriosanpaulo.com\/#website\",\"url\":\"https:\/\/laboratoriosanpaulo.com\/\",\"name\":\"Laboratorio San Paulo\",\"description\":\"Laboratorio de an\u00e1lisis cl\u00ednicos\",\"publisher\":{\"@id\":\"https:\/\/laboratoriosanpaulo.com\/#organization\"},\"potentialAction\":[{\"@type\":\"SearchAction\",\"target\":{\"@type\":\"EntryPoint\",\"urlTemplate\":\"https:\/\/laboratoriosanpaulo.com\/?s={search_term_string}\"},\"query-input\":\"required name=search_term_string\"}],\"inLanguage\":\"en-US\"},{\"@type\":\"Organization\",\"@id\":\"https:\/\/laboratoriosanpaulo.com\/#organization\",\"name\":\"Laboratorio San Paulo\",\"url\":\"https:\/\/laboratoriosanpaulo.com\/\",\"logo\":{\"@type\":\"ImageObject\",\"inLanguage\":\"en-US\",\"@id\":\"https:\/\/laboratoriosanpaulo.com\/#\/schema\/logo\/image\/\",\"url\":\"https:\/\/i0.wp.com\/laboratoriosanpaulo.com\/wp-content\/uploads\/2021\/01\/1_logo_laboratorio_san_pablo.png?fit=350%2C100&ssl=1\",\"contentUrl\":\"https:\/\/i0.wp.com\/laboratoriosanpaulo.com\/wp-content\/uploads\/2021\/01\/1_logo_laboratorio_san_pablo.png?fit=350%2C100&ssl=1\",\"width\":350,\"height\":100,\"caption\":\"Laboratorio San Paulo\"},\"image\":{\"@id\":\"https:\/\/laboratoriosanpaulo.com\/#\/schema\/logo\/image\/\"},\"sameAs\":[\"https:\/\/www.facebook.com\/laboratoriosanpaulo\",\"https:\/\/www.instagram.com\/laboratoriosanpaulo\"]}]}<\/script>\n<!-- \/ Yoast SEO plugin. -->","yoast_head_json":{"title":"femenino - Laboratorio San Paulo","robots":{"index":"index","follow":"follow","max-snippet":"max-snippet:-1","max-image-preview":"max-image-preview:large","max-video-preview":"max-video-preview:-1"},"canonical":"https:\/\/laboratoriosanpaulo.com\/en\/perfiles\/perfiles-femeninos\/femenino\/","og_locale":"en_US","og_type":"article","og_title":"femenino - Laboratorio San Paulo","og_description":"PAQUETE FEMENINO INTEGRAL Es un check up completo dise\u00f1ado para evaluar tu estado de salud general y el equilibrio hormonal, ayudando a detectar a tiempo alteraciones relacionadas con metabolismo, tiroides, colesterol, funci\u00f3n renal y salud urinaria. Ideal como revisi\u00f3n preventiva o cuando hay cambios en el ciclo, cansancio o desajustes hormonales. Listado de Estudios Biometria [&hellip;]","og_url":"https:\/\/laboratoriosanpaulo.com\/en\/perfiles\/perfiles-femeninos\/femenino\/","og_site_name":"Laboratorio San Paulo","article_publisher":"https:\/\/www.facebook.com\/laboratoriosanpaulo","article_modified_time":"2026-02-16T17:14:26+00:00","og_image":[{"url":"https:\/\/laboratoriosanpaulo.com\/wp-content\/uploads\/2021\/03\/18-perfil-femenino-laboratorio-san-pablo.jpg"}],"twitter_card":"summary_large_image","twitter_misc":{"Est. reading time":"2 minutes"},"schema":{"@context":"https:\/\/schema.org","@graph":[{"@type":"WebPage","@id":"https:\/\/laboratoriosanpaulo.com\/perfiles\/perfiles-femeninos\/femenino\/","url":"https:\/\/laboratoriosanpaulo.com\/perfiles\/perfiles-femeninos\/femenino\/","name":"femenino - Laboratorio San Paulo","isPartOf":{"@id":"https:\/\/laboratoriosanpaulo.com\/#website"},"datePublished":"2021-04-08T21:09:39+00:00","dateModified":"2026-02-16T17:14:26+00:00","breadcrumb":{"@id":"https:\/\/laboratoriosanpaulo.com\/perfiles\/perfiles-femeninos\/femenino\/#breadcrumb"},"inLanguage":"en-US","potentialAction":[{"@type":"ReadAction","target":["https:\/\/laboratoriosanpaulo.com\/perfiles\/perfiles-femeninos\/femenino\/"]}]},{"@type":"BreadcrumbList","@id":"https:\/\/laboratoriosanpaulo.com\/perfiles\/perfiles-femeninos\/femenino\/#breadcrumb","itemListElement":[{"@type":"ListItem","position":1,"name":"Portada","item":"https:\/\/laboratoriosanpaulo.com\/"},{"@type":"ListItem","position":2,"name":"Perfiles","item":"https:\/\/laboratoriosanpaulo.com\/perfiles\/"},{"@type":"ListItem","position":3,"name":"Perfiles Femeninos","item":"https:\/\/laboratoriosanpaulo.com\/perfiles\/perfiles-femeninos\/"},{"@type":"ListItem","position":4,"name":"femenino"}]},{"@type":"WebSite","@id":"https:\/\/laboratoriosanpaulo.com\/#website","url":"https:\/\/laboratoriosanpaulo.com\/","name":"Laboratorio San Paulo","description":"Laboratorio de an\u00e1lisis cl\u00ednicos","publisher":{"@id":"https:\/\/laboratoriosanpaulo.com\/#organization"},"potentialAction":[{"@type":"SearchAction","target":{"@type":"EntryPoint","urlTemplate":"https:\/\/laboratoriosanpaulo.com\/?s={search_term_string}"},"query-input":"required name=search_term_string"}],"inLanguage":"en-US"},{"@type":"Organization","@id":"https:\/\/laboratoriosanpaulo.com\/#organization","name":"Laboratorio San Paulo","url":"https:\/\/laboratoriosanpaulo.com\/","logo":{"@type":"ImageObject","inLanguage":"en-US","@id":"https:\/\/laboratoriosanpaulo.com\/#\/schema\/logo\/image\/","url":"https:\/\/i0.wp.com\/laboratoriosanpaulo.com\/wp-content\/uploads\/2021\/01\/1_logo_laboratorio_san_pablo.png?fit=350%2C100&ssl=1","contentUrl":"https:\/\/i0.wp.com\/laboratoriosanpaulo.com\/wp-content\/uploads\/2021\/01\/1_logo_laboratorio_san_pablo.png?fit=350%2C100&ssl=1","width":350,"height":100,"caption":"Laboratorio San Paulo"},"image":{"@id":"https:\/\/laboratoriosanpaulo.com\/#\/schema\/logo\/image\/"},"sameAs":["https:\/\/www.facebook.com\/laboratoriosanpaulo","https:\/\/www.instagram.com\/laboratoriosanpaulo"]}]}},"_links":{"self":[{"href":"https:\/\/laboratoriosanpaulo.com\/en\/wp-json\/wp\/v2\/pages\/1909","targetHints":{"allow":["GET"]}}],"collection":[{"href":"https:\/\/laboratoriosanpaulo.com\/en\/wp-json\/wp\/v2\/pages"}],"about":[{"href":"https:\/\/laboratoriosanpaulo.com\/en\/wp-json\/wp\/v2\/types\/page"}],"author":[{"embeddable":true,"href":"https:\/\/laboratoriosanpaulo.com\/en\/wp-json\/wp\/v2\/users\/1"}],"replies":[{"embeddable":true,"href":"https:\/\/laboratoriosanpaulo.com\/en\/wp-json\/wp\/v2\/comments?post=1909"}],"version-history":[{"count":20,"href":"https:\/\/laboratoriosanpaulo.com\/en\/wp-json\/wp\/v2\/pages\/1909\/revisions"}],"predecessor-version":[{"id":3685,"href":"https:\/\/laboratoriosanpaulo.com\/en\/wp-json\/wp\/v2\/pages\/1909\/revisions\/3685"}],"up":[{"embeddable":true,"href":"https:\/\/laboratoriosanpaulo.com\/en\/wp-json\/wp\/v2\/pages\/1407"}],"wp:attachment":[{"href":"https:\/\/laboratoriosanpaulo.com\/en\/wp-json\/wp\/v2\/media?parent=1909"}],"curies":[{"name":"wp","href":"https:\/\/api.w.org\/{rel}","templated":true}]}}