{"id":2311,"date":"2021-05-12T20:45:43","date_gmt":"2021-05-12T20:45:43","guid":{"rendered":"https:\/\/laboratoriosanpaulo.com\/?page_id=2311"},"modified":"2023-01-07T21:13:22","modified_gmt":"2023-01-07T21:13:22","slug":"prueba-de-embarazo-2","status":"publish","type":"page","link":"https:\/\/laboratoriosanpaulo.com\/en\/prueba-de-embarazo-2\/","title":{"rendered":"Prueba de Embarazo"},"content":{"rendered":"<div data-elementor-type=\"wp-page\" data-elementor-id=\"2311\" class=\"elementor elementor-2311\" data-elementor-settings=\"[]\">\n\t\t\t\t\t\t<div class=\"elementor-inner\">\n\t\t\t\t\t\t\t<div class=\"elementor-section-wrap\">\n\t\t\t\t\t\t\t<section class=\"elementor-section elementor-top-section elementor-element elementor-element-a3cb99d elementor-section-boxed elementor-section-height-default elementor-section-height-default\" data-id=\"a3cb99d\" data-element_type=\"section\">\n\t\t\t\t\t\t<div class=\"elementor-container elementor-column-gap-default\">\n\t\t\t\t\t\t\t<div class=\"elementor-row\">\n\t\t\t\t\t<div class=\"elementor-column elementor-col-50 elementor-top-column elementor-element elementor-element-aaca1be\" data-id=\"aaca1be\" data-element_type=\"column\" data-settings=\"{&quot;background_background&quot;:&quot;classic&quot;}\">\n\t\t\t<div class=\"elementor-column-wrap elementor-element-populated\">\n\t\t\t\t\t\t\t<div class=\"elementor-widget-wrap\">\n\t\t\t\t\t\t<div class=\"elementor-element elementor-element-081c4c3 elementor-widget elementor-widget-heading\" data-id=\"081c4c3\" data-element_type=\"widget\" data-widget_type=\"heading.default\">\n\t\t\t\t<div class=\"elementor-widget-container\">\n\t\t\t<h1 class=\"elementor-heading-title elementor-size-default\">PRUEBA DE EMBARAZO<\/h1>\t\t<\/div>\n\t\t\t\t<\/div>\n\t\t\t\t<div class=\"elementor-element elementor-element-6121501 elementor-widget elementor-widget-text-editor\" data-id=\"6121501\" data-element_type=\"widget\" data-widget_type=\"text-editor.default\">\n\t\t\t\t<div class=\"elementor-widget-container\">\n\t\t\t\t\t<div class=\"elementor-text-editor elementor-clearfix\"><p>Con esta prueba se detecta la presencia de la Beta-GCH (Beta Hormona Gonadotropina Cori\u00f3nica Humana) y en niveles suficientes puede confirmar el embarazo en una mujer. Se maneja Prueba Cualitativa: esta prueba da como resultado un positivo o negativo y la Prueba Cuantitativa: esta prueba una vez positiva puede indicar el n\u00famero aproximado de semanas de gestaci\u00f3n. Es importante consultar tus resultados con tu m\u00e9dico.<\/p><\/div>\n\t\t\t\t<\/div>\n\t\t\t\t<\/div>\n\t\t\t\t<div class=\"elementor-element elementor-element-5f6f9ee elementor-widget elementor-widget-heading\" data-id=\"5f6f9ee\" data-element_type=\"widget\" data-widget_type=\"heading.default\">\n\t\t\t\t<div class=\"elementor-widget-container\">\n\t\t\t<h2 class=\"elementor-heading-title elementor-size-default\">Proceso para obtenci\u00f3n de muestra<\/h2>\t\t<\/div>\n\t\t\t\t<\/div>\n\t\t\t\t<div class=\"elementor-element elementor-element-7c0baa4 elementor-widget elementor-widget-text-editor\" data-id=\"7c0baa4\" data-element_type=\"widget\" data-widget_type=\"text-editor.default\">\n\t\t\t\t<div class=\"elementor-widget-container\">\n\t\t\t\t\t<div class=\"elementor-text-editor elementor-clearfix\"><p>Para obtener esta muestra se realiza el siguiente proceso<\/p><\/div>\n\t\t\t\t<\/div>\n\t\t\t\t<\/div>\n\t\t\t\t<div class=\"elementor-element elementor-element-aaefabb elementor-widget elementor-widget-text-editor\" data-id=\"aaefabb\" data-element_type=\"widget\" data-widget_type=\"text-editor.default\">\n\t\t\t\t<div class=\"elementor-widget-container\">\n\t\t\t\t\t<div class=\"elementor-text-editor elementor-clearfix\"><ul class=\"default-text-ul\" style=\"margin: 0; padding-left: 40px;\"><li class=\"default-text\"><span style=\"color: #8a9099;\">Se limpia el sitio con desinfectante<\/span><\/li><li class=\"default-text\"><span style=\"color: #8a9099;\">Se coloca una banda el\u00e1stica alrededor de la parte superior del brazo con el fin de aplicar presi\u00f3n en la zona y llenar la vena de sangre<\/span><\/li><li class=\"default-text\"><span style=\"color: #8a9099;\">Se introduce la aguja a la vena y recoge la sangre en un frasco herm\u00e9tico o en un tubo adherido a la aguja<\/span><\/li><li class=\"default-text\"><span style=\"color: #8a9099;\">Se retira la banda el\u00e1stica y se cubre el sitio con un vendaje peque\u00f1o para detener el sangrado<\/span><\/li><\/ul><\/div>\n\t\t\t\t<\/div>\n\t\t\t\t<\/div>\n\t\t\t\t<div class=\"elementor-element elementor-element-85ed522 elementor-widget elementor-widget-heading\" data-id=\"85ed522\" data-element_type=\"widget\" data-widget_type=\"heading.default\">\n\t\t\t\t<div class=\"elementor-widget-container\">\n\t\t\t<h2 class=\"elementor-heading-title elementor-size-default\">Requerimientos previos<\/h2>\t\t<\/div>\n\t\t\t\t<\/div>\n\t\t\t\t<div class=\"elementor-element elementor-element-3643273 elementor-widget elementor-widget-text-editor\" data-id=\"3643273\" data-element_type=\"widget\" data-widget_type=\"text-editor.default\">\n\t\t\t\t<div class=\"elementor-widget-container\">\n\t\t\t\t\t<div class=\"elementor-text-editor elementor-clearfix\"><p>Para poder realizar esta prueba es necesario que cubras con los siguientes requisitos:<\/p><\/div>\n\t\t\t\t<\/div>\n\t\t\t\t<\/div>\n\t\t\t\t<div class=\"elementor-element elementor-element-88aad39 elementor-widget elementor-widget-text-editor\" data-id=\"88aad39\" data-element_type=\"widget\" data-widget_type=\"text-editor.default\">\n\t\t\t\t<div class=\"elementor-widget-container\">\n\t\t\t\t\t<div class=\"elementor-text-editor elementor-clearfix\"><ul class=\"default-text-ul\" style=\"margin: 0; padding-left: 40px;\"><li class=\"default-text\"><span style=\"color: #8a9099;\">No es necesario realizar ayuno previo.<\/span><\/li><\/ul><\/div>\n\t\t\t\t<\/div>\n\t\t\t\t<\/div>\n\t\t\t\t<div class=\"elementor-element elementor-element-cd44c3a elementor-widget elementor-widget-jet-button\" data-id=\"cd44c3a\" data-element_type=\"widget\" data-widget_type=\"jet-button.default\">\n\t\t\t\t<div class=\"elementor-widget-container\">\n\t\t\t<div class=\"elementor-jet-button jet-elements\"><div class=\"jet-button__container\">\n\t<a class=\"jet-button__instance jet-button__instance--icon-left hover-effect-0\" href=\"https:\/\/api.whatsapp.com\/send?phone=523228884367&#038;text=Quiero%20hacer%20una%20cita%20para%20estudio%20prueba%20de%20embarazo\">\n\t\t<div class=\"jet-button__plane jet-button__plane-normal\"><\/div>\n\t\t<div class=\"jet-button__plane jet-button__plane-hover\"><\/div>\n\t\t<div class=\"jet-button__state jet-button__state-normal\">\n\t\t\t<span class=\"jet-button__icon jet-elements-icon\"><i aria-hidden=\"true\" class=\"fab fa-whatsapp\"><\/i><\/span><span class=\"jet-button__label\">PROGRAMAR CITA<\/span>\t\t<\/div>\n\t\t<div class=\"jet-button__state jet-button__state-hover\">\n\t\t\t<span class=\"jet-button__icon jet-elements-icon\"><i aria-hidden=\"true\" class=\"fab fa-whatsapp\"><\/i><\/span><span class=\"jet-button__label\">PROGRAMAR CITA<\/span>\t\t<\/div>\n\t<\/a>\n<\/div>\n<\/div>\t\t<\/div>\n\t\t\t\t<\/div>\n\t\t\t\t\t\t<\/div>\n\t\t\t\t\t<\/div>\n\t\t<\/div>\n\t\t\t\t<div class=\"jet-sticky-column elementor-column elementor-col-50 elementor-top-column elementor-element elementor-element-dac12b1\" data-jet-settings=\"{&quot;id&quot;:&quot;dac12b1&quot;,&quot;sticky&quot;:true,&quot;topSpacing&quot;:50,&quot;bottomSpacing&quot;:50,&quot;stickyOn&quot;:[&quot;desktop&quot;,&quot;tablet&quot;]}\" data-id=\"dac12b1\" data-element_type=\"column\">\n\t\t\t<div class=\"elementor-column-wrap elementor-element-populated\">\n\t\t\t\t\t\t\t<div class=\"elementor-widget-wrap\">\n\t\t\t\t\t\t<div class=\"elementor-element elementor-element-95a1bcb gallery-spacing-custom elementor-widget elementor-widget-image-gallery\" data-id=\"95a1bcb\" data-element_type=\"widget\" data-widget_type=\"image-gallery.default\">\n\t\t\t\t<div class=\"elementor-widget-container\">\n\t\t\t\t\t<div class=\"elementor-image-gallery\">\n\t\t\t<div id='gallery-1' class='gallery galleryid-2311 gallery-columns-1 gallery-size-full'><figure class='gallery-item'>\n\t\t\t<div class='gallery-icon landscape'>\n\t\t\t\t<a data-elementor-open-lightbox=\"yes\" data-elementor-lightbox-slideshow=\"95a1bcb\" data-elementor-lightbox-title=\"2-galeria-perfiles-laboratorio-san-pablo\" href='https:\/\/i0.wp.com\/laboratoriosanpaulo.com\/wp-content\/uploads\/2021\/04\/2-galeria-perfiles-laboratorio-san-pablo.jpg?ssl=1'><img loading=\"lazy\" decoding=\"async\" width=\"887\" height=\"665\" src=\"https:\/\/i0.wp.com\/laboratoriosanpaulo.com\/wp-content\/uploads\/2021\/04\/2-galeria-perfiles-laboratorio-san-pablo.jpg?fit=887%2C665&amp;ssl=1\" class=\"attachment-full size-full\" alt=\"\" srcset=\"https:\/\/i0.wp.com\/laboratoriosanpaulo.com\/wp-content\/uploads\/2021\/04\/2-galeria-perfiles-laboratorio-san-pablo.jpg?w=887&amp;ssl=1 887w, https:\/\/i0.wp.com\/laboratoriosanpaulo.com\/wp-content\/uploads\/2021\/04\/2-galeria-perfiles-laboratorio-san-pablo.jpg?resize=300%2C225&amp;ssl=1 300w, https:\/\/i0.wp.com\/laboratoriosanpaulo.com\/wp-content\/uploads\/2021\/04\/2-galeria-perfiles-laboratorio-san-pablo.jpg?resize=768%2C576&amp;ssl=1 768w, https:\/\/i0.wp.com\/laboratoriosanpaulo.com\/wp-content\/uploads\/2021\/04\/2-galeria-perfiles-laboratorio-san-pablo.jpg?resize=370%2C277&amp;ssl=1 370w\" sizes=\"auto, (max-width: 887px) 100vw, 887px\" \/><\/a>\n\t\t\t<\/div><\/figure><figure class='gallery-item'>\n\t\t\t<div class='gallery-icon landscape'>\n\t\t\t\t<a data-elementor-open-lightbox=\"yes\" data-elementor-lightbox-slideshow=\"95a1bcb\" data-elementor-lightbox-title=\"prueba-de-embarazo-1\" href='https:\/\/i0.wp.com\/laboratoriosanpaulo.com\/wp-content\/uploads\/2021\/04\/prueba-de-embarazo-1.jpg?ssl=1'><img loading=\"lazy\" decoding=\"async\" width=\"535\" height=\"367\" src=\"https:\/\/i0.wp.com\/laboratoriosanpaulo.com\/wp-content\/uploads\/2021\/04\/prueba-de-embarazo-1.jpg?fit=535%2C367&amp;ssl=1\" class=\"attachment-full size-full\" alt=\"\" srcset=\"https:\/\/i0.wp.com\/laboratoriosanpaulo.com\/wp-content\/uploads\/2021\/04\/prueba-de-embarazo-1.jpg?w=535&amp;ssl=1 535w, https:\/\/i0.wp.com\/laboratoriosanpaulo.com\/wp-content\/uploads\/2021\/04\/prueba-de-embarazo-1.jpg?resize=300%2C206&amp;ssl=1 300w, https:\/\/i0.wp.com\/laboratoriosanpaulo.com\/wp-content\/uploads\/2021\/04\/prueba-de-embarazo-1.jpg?resize=16%2C12&amp;ssl=1 16w, https:\/\/i0.wp.com\/laboratoriosanpaulo.com\/wp-content\/uploads\/2021\/04\/prueba-de-embarazo-1.jpg?resize=370%2C254&amp;ssl=1 370w\" sizes=\"auto, (max-width: 535px) 100vw, 535px\" \/><\/a>\n\t\t\t<\/div><\/figure><figure class='gallery-item'>\n\t\t\t<div class='gallery-icon landscape'>\n\t\t\t\t<a data-elementor-open-lightbox=\"yes\" data-elementor-lightbox-slideshow=\"95a1bcb\" data-elementor-lightbox-title=\"d41e63e4aa\" href='https:\/\/i0.wp.com\/laboratoriosanpaulo.com\/wp-content\/uploads\/2023\/01\/d41e63e4aa.jpg?ssl=1'><img loading=\"lazy\" decoding=\"async\" width=\"1000\" height=\"563\" src=\"https:\/\/i0.wp.com\/laboratoriosanpaulo.com\/wp-content\/uploads\/2023\/01\/d41e63e4aa.jpg?fit=1000%2C563&amp;ssl=1\" class=\"attachment-full size-full\" alt=\"\" srcset=\"https:\/\/i0.wp.com\/laboratoriosanpaulo.com\/wp-content\/uploads\/2023\/01\/d41e63e4aa.jpg?w=1000&amp;ssl=1 1000w, https:\/\/i0.wp.com\/laboratoriosanpaulo.com\/wp-content\/uploads\/2023\/01\/d41e63e4aa.jpg?resize=300%2C169&amp;ssl=1 300w, https:\/\/i0.wp.com\/laboratoriosanpaulo.com\/wp-content\/uploads\/2023\/01\/d41e63e4aa.jpg?resize=768%2C432&amp;ssl=1 768w, https:\/\/i0.wp.com\/laboratoriosanpaulo.com\/wp-content\/uploads\/2023\/01\/d41e63e4aa.jpg?resize=16%2C9&amp;ssl=1 16w, https:\/\/i0.wp.com\/laboratoriosanpaulo.com\/wp-content\/uploads\/2023\/01\/d41e63e4aa.jpg?resize=370%2C208&amp;ssl=1 370w\" sizes=\"auto, (max-width: 1000px) 100vw, 1000px\" \/><\/a>\n\t\t\t<\/div><\/figure>\n\t\t<\/div>\n\t\t<\/div>\n\t\t\t\t<\/div>\n\t\t\t\t<\/div>\n\t\t\t\t\t\t<\/div>\n\t\t\t\t\t<\/div>\n\t\t<\/div>\n\t\t\t\t\t\t\t\t<\/div>\n\t\t\t\t\t<\/div>\n\t\t<\/section>\n\t\t\t\t\t\t<\/div>\n\t\t\t\t\t\t<\/div>\n\t\t\t\t\t<\/div>","protected":false},"excerpt":{"rendered":"<p>PRUEBA DE EMBARAZO Con esta prueba se detecta la presencia de la Beta-GCH (Beta Hormona Gonadotropina Cori\u00f3nica Humana) y en niveles suficientes puede confirmar el embarazo en una mujer. Se maneja Prueba Cualitativa: esta prueba da como resultado un positivo o negativo y la Prueba Cuantitativa: esta prueba una vez positiva puede indicar el n\u00famero [&hellip;]<\/p>","protected":false},"author":1,"featured_media":0,"parent":0,"menu_order":0,"comment_status":"closed","ping_status":"closed","template":"elementor_header_footer","meta":{"footnotes":""},"class_list":["post-2311","page","type-page","status-publish","hentry","no-thumb"],"yoast_head":"<!-- This site is optimized with the Yoast SEO plugin v20.1 - https:\/\/yoast.com\/wordpress\/plugins\/seo\/ -->\n<title>Prueba de Embarazo - Laboratorio San Paulo<\/title>\n<meta name=\"robots\" content=\"index, follow, max-snippet:-1, max-image-preview:large, max-video-preview:-1\" \/>\n<link rel=\"canonical\" href=\"https:\/\/laboratoriosanpaulo.com\/en\/prueba-de-embarazo-2\/\" \/>\n<meta property=\"og:locale\" content=\"en_US\" \/>\n<meta property=\"og:type\" content=\"article\" \/>\n<meta property=\"og:title\" content=\"Prueba de Embarazo - Laboratorio San Paulo\" \/>\n<meta property=\"og:description\" content=\"PRUEBA DE EMBARAZO Con esta prueba se detecta la presencia de la Beta-GCH (Beta Hormona Gonadotropina Cori\u00f3nica Humana) y en niveles suficientes puede confirmar el embarazo en una mujer. Se maneja Prueba Cualitativa: esta prueba da como resultado un positivo o negativo y la Prueba Cuantitativa: esta prueba una vez positiva puede indicar el n\u00famero [&hellip;]\" \/>\n<meta property=\"og:url\" content=\"https:\/\/laboratoriosanpaulo.com\/en\/prueba-de-embarazo-2\/\" \/>\n<meta property=\"og:site_name\" content=\"Laboratorio San Paulo\" \/>\n<meta property=\"article:publisher\" content=\"https:\/\/www.facebook.com\/laboratoriosanpaulo\" \/>\n<meta property=\"article:modified_time\" content=\"2023-01-07T21:13:22+00:00\" \/>\n<meta property=\"og:image\" content=\"https:\/\/laboratoriosanpaulo.com\/wp-content\/uploads\/2021\/04\/2-galeria-perfiles-laboratorio-san-pablo.jpg\" \/>\n<meta name=\"twitter:card\" content=\"summary_large_image\" \/>\n<meta name=\"twitter:label1\" content=\"Est. reading time\" \/>\n\t<meta name=\"twitter:data1\" content=\"2 minutes\" \/>\n<script type=\"application\/ld+json\" class=\"yoast-schema-graph\">{\"@context\":\"https:\/\/schema.org\",\"@graph\":[{\"@type\":\"WebPage\",\"@id\":\"https:\/\/laboratoriosanpaulo.com\/prueba-de-embarazo-2\/\",\"url\":\"https:\/\/laboratoriosanpaulo.com\/prueba-de-embarazo-2\/\",\"name\":\"Prueba de Embarazo - Laboratorio San Paulo\",\"isPartOf\":{\"@id\":\"https:\/\/laboratoriosanpaulo.com\/#website\"},\"datePublished\":\"2021-05-12T20:45:43+00:00\",\"dateModified\":\"2023-01-07T21:13:22+00:00\",\"breadcrumb\":{\"@id\":\"https:\/\/laboratoriosanpaulo.com\/prueba-de-embarazo-2\/#breadcrumb\"},\"inLanguage\":\"en-US\",\"potentialAction\":[{\"@type\":\"ReadAction\",\"target\":[\"https:\/\/laboratoriosanpaulo.com\/prueba-de-embarazo-2\/\"]}]},{\"@type\":\"BreadcrumbList\",\"@id\":\"https:\/\/laboratoriosanpaulo.com\/prueba-de-embarazo-2\/#breadcrumb\",\"itemListElement\":[{\"@type\":\"ListItem\",\"position\":1,\"name\":\"Portada\",\"item\":\"https:\/\/laboratoriosanpaulo.com\/\"},{\"@type\":\"ListItem\",\"position\":2,\"name\":\"Prueba de Embarazo\"}]},{\"@type\":\"WebSite\",\"@id\":\"https:\/\/laboratoriosanpaulo.com\/#website\",\"url\":\"https:\/\/laboratoriosanpaulo.com\/\",\"name\":\"Laboratorio San Paulo\",\"description\":\"Laboratorio de an\u00e1lisis cl\u00ednicos\",\"publisher\":{\"@id\":\"https:\/\/laboratoriosanpaulo.com\/#organization\"},\"potentialAction\":[{\"@type\":\"SearchAction\",\"target\":{\"@type\":\"EntryPoint\",\"urlTemplate\":\"https:\/\/laboratoriosanpaulo.com\/?s={search_term_string}\"},\"query-input\":\"required name=search_term_string\"}],\"inLanguage\":\"en-US\"},{\"@type\":\"Organization\",\"@id\":\"https:\/\/laboratoriosanpaulo.com\/#organization\",\"name\":\"Laboratorio San Paulo\",\"url\":\"https:\/\/laboratoriosanpaulo.com\/\",\"logo\":{\"@type\":\"ImageObject\",\"inLanguage\":\"en-US\",\"@id\":\"https:\/\/laboratoriosanpaulo.com\/#\/schema\/logo\/image\/\",\"url\":\"https:\/\/i0.wp.com\/laboratoriosanpaulo.com\/wp-content\/uploads\/2021\/01\/1_logo_laboratorio_san_pablo.png?fit=350%2C100&ssl=1\",\"contentUrl\":\"https:\/\/i0.wp.com\/laboratoriosanpaulo.com\/wp-content\/uploads\/2021\/01\/1_logo_laboratorio_san_pablo.png?fit=350%2C100&ssl=1\",\"width\":350,\"height\":100,\"caption\":\"Laboratorio San Paulo\"},\"image\":{\"@id\":\"https:\/\/laboratoriosanpaulo.com\/#\/schema\/logo\/image\/\"},\"sameAs\":[\"https:\/\/www.facebook.com\/laboratoriosanpaulo\",\"https:\/\/www.instagram.com\/laboratoriosanpaulo\"]}]}<\/script>\n<!-- \/ Yoast SEO plugin. -->","yoast_head_json":{"title":"Prueba de Embarazo - Laboratorio San Paulo","robots":{"index":"index","follow":"follow","max-snippet":"max-snippet:-1","max-image-preview":"max-image-preview:large","max-video-preview":"max-video-preview:-1"},"canonical":"https:\/\/laboratoriosanpaulo.com\/en\/prueba-de-embarazo-2\/","og_locale":"en_US","og_type":"article","og_title":"Prueba de Embarazo - Laboratorio San Paulo","og_description":"PRUEBA DE EMBARAZO Con esta prueba se detecta la presencia de la Beta-GCH (Beta Hormona Gonadotropina Cori\u00f3nica Humana) y en niveles suficientes puede confirmar el embarazo en una mujer. Se maneja Prueba Cualitativa: esta prueba da como resultado un positivo o negativo y la Prueba Cuantitativa: esta prueba una vez positiva puede indicar el n\u00famero [&hellip;]","og_url":"https:\/\/laboratoriosanpaulo.com\/en\/prueba-de-embarazo-2\/","og_site_name":"Laboratorio San Paulo","article_publisher":"https:\/\/www.facebook.com\/laboratoriosanpaulo","article_modified_time":"2023-01-07T21:13:22+00:00","og_image":[{"url":"https:\/\/laboratoriosanpaulo.com\/wp-content\/uploads\/2021\/04\/2-galeria-perfiles-laboratorio-san-pablo.jpg"}],"twitter_card":"summary_large_image","twitter_misc":{"Est. reading time":"2 minutes"},"schema":{"@context":"https:\/\/schema.org","@graph":[{"@type":"WebPage","@id":"https:\/\/laboratoriosanpaulo.com\/prueba-de-embarazo-2\/","url":"https:\/\/laboratoriosanpaulo.com\/prueba-de-embarazo-2\/","name":"Prueba de Embarazo - Laboratorio San Paulo","isPartOf":{"@id":"https:\/\/laboratoriosanpaulo.com\/#website"},"datePublished":"2021-05-12T20:45:43+00:00","dateModified":"2023-01-07T21:13:22+00:00","breadcrumb":{"@id":"https:\/\/laboratoriosanpaulo.com\/prueba-de-embarazo-2\/#breadcrumb"},"inLanguage":"en-US","potentialAction":[{"@type":"ReadAction","target":["https:\/\/laboratoriosanpaulo.com\/prueba-de-embarazo-2\/"]}]},{"@type":"BreadcrumbList","@id":"https:\/\/laboratoriosanpaulo.com\/prueba-de-embarazo-2\/#breadcrumb","itemListElement":[{"@type":"ListItem","position":1,"name":"Portada","item":"https:\/\/laboratoriosanpaulo.com\/"},{"@type":"ListItem","position":2,"name":"Prueba de Embarazo"}]},{"@type":"WebSite","@id":"https:\/\/laboratoriosanpaulo.com\/#website","url":"https:\/\/laboratoriosanpaulo.com\/","name":"Laboratorio San Paulo","description":"Laboratorio de an\u00e1lisis cl\u00ednicos","publisher":{"@id":"https:\/\/laboratoriosanpaulo.com\/#organization"},"potentialAction":[{"@type":"SearchAction","target":{"@type":"EntryPoint","urlTemplate":"https:\/\/laboratoriosanpaulo.com\/?s={search_term_string}"},"query-input":"required name=search_term_string"}],"inLanguage":"en-US"},{"@type":"Organization","@id":"https:\/\/laboratoriosanpaulo.com\/#organization","name":"Laboratorio San Paulo","url":"https:\/\/laboratoriosanpaulo.com\/","logo":{"@type":"ImageObject","inLanguage":"en-US","@id":"https:\/\/laboratoriosanpaulo.com\/#\/schema\/logo\/image\/","url":"https:\/\/i0.wp.com\/laboratoriosanpaulo.com\/wp-content\/uploads\/2021\/01\/1_logo_laboratorio_san_pablo.png?fit=350%2C100&ssl=1","contentUrl":"https:\/\/i0.wp.com\/laboratoriosanpaulo.com\/wp-content\/uploads\/2021\/01\/1_logo_laboratorio_san_pablo.png?fit=350%2C100&ssl=1","width":350,"height":100,"caption":"Laboratorio San Paulo"},"image":{"@id":"https:\/\/laboratoriosanpaulo.com\/#\/schema\/logo\/image\/"},"sameAs":["https:\/\/www.facebook.com\/laboratoriosanpaulo","https:\/\/www.instagram.com\/laboratoriosanpaulo"]}]}},"_links":{"self":[{"href":"https:\/\/laboratoriosanpaulo.com\/en\/wp-json\/wp\/v2\/pages\/2311","targetHints":{"allow":["GET"]}}],"collection":[{"href":"https:\/\/laboratoriosanpaulo.com\/en\/wp-json\/wp\/v2\/pages"}],"about":[{"href":"https:\/\/laboratoriosanpaulo.com\/en\/wp-json\/wp\/v2\/types\/page"}],"author":[{"embeddable":true,"href":"https:\/\/laboratoriosanpaulo.com\/en\/wp-json\/wp\/v2\/users\/1"}],"replies":[{"embeddable":true,"href":"https:\/\/laboratoriosanpaulo.com\/en\/wp-json\/wp\/v2\/comments?post=2311"}],"version-history":[{"count":13,"href":"https:\/\/laboratoriosanpaulo.com\/en\/wp-json\/wp\/v2\/pages\/2311\/revisions"}],"predecessor-version":[{"id":3247,"href":"https:\/\/laboratoriosanpaulo.com\/en\/wp-json\/wp\/v2\/pages\/2311\/revisions\/3247"}],"wp:attachment":[{"href":"https:\/\/laboratoriosanpaulo.com\/en\/wp-json\/wp\/v2\/media?parent=2311"}],"curies":[{"name":"wp","href":"https:\/\/api.w.org\/{rel}","templated":true}]}}